{"id":44203,"date":"2023-12-23T14:06:01","date_gmt":"2023-12-23T12:06:01","guid":{"rendered":"https:\/\/www.radiomarket.fi\/?post_type=product&#038;p=44203"},"modified":"2024-01-14T13:29:19","modified_gmt":"2024-01-14T11:29:19","slug":"ekum3072-technics-st-x302l-viritin","status":"publish","type":"product","link":"https:\/\/www.radiomarket.fi\/en\/kohde\/ekum3072-technics-st-x302l-viritin\/","title":{"rendered":"EKUM3072 Technics ST-X302L viritin"},"content":{"rendered":"<p>Testattu ilman vahvistinta radion toimintojen osalta 12\/2023. STEREO-merkkivalosta p\u00e4\u00e4tellen vastaanottaa. Vastaanottoherkkyys tuntuu olevan kunnossa, testiss\u00e4 on k\u00e4ytetty antennina hyvin pient\u00e4 johtimen p\u00e4tk\u00e4\u00e4. Taajuus on n. 0.05 MHz pieless\u00e4. Esimerkiksi taajuudella 99.3 MHz l\u00e4hett\u00e4v\u00e4 asema kuuluu parhaiten vastaanottimen taajuuden ollessa n\u00e4yt\u00f6n mukaan 99.25 MHz. T\u00e4t\u00e4 samaa oiretta on esiintynyt muissakin vanhemmissa Technicseiss\u00e4. T\u00e4h\u00e4n sopiva kaukos\u00e4\u00e4din l\u00f6ytyy tuotenumerolla EKUM3071. T\u00e4t\u00e4 viritint\u00e4 on myyty yhten\u00e4 settin\u00e4 laitteiden SU-X102 ja SH-E51 kanssa. Ei tutkittu tarkemmin.<\/p>","protected":false},"excerpt":{"rendered":"<p>Testattu ilman vahvistinta radion toimintojen osalta 12\/2023. STEREO-merkkivalosta p\u00e4\u00e4tellen vastaanottaa. Vastaanottoherkkyys tuntuu olevan kunnossa, testiss\u00e4 on k\u00e4ytetty antennina hyvin pient\u00e4 johtimen p\u00e4tk\u00e4\u00e4. Taajuus on n. 0.05 MHz pieless\u00e4. Esimerkiksi taajuudella 99.3 MHz l\u00e4hett\u00e4v\u00e4 asema kuuluu parhaiten vastaanottimen taajuuden ollessa n\u00e4yt\u00f6n mukaan 99.25 MHz. T\u00e4t\u00e4 samaa oiretta on esiintynyt muissakin vanhemmissa Technicseiss\u00e4. T\u00e4h\u00e4n sopiva kaukos\u00e4\u00e4din l\u00f6ytyy &hellip;<\/p>\n<p class=\"read-more\"> <a class=\"thunk-readmore button\" href=\"https:\/\/www.radiomarket.fi\/en\/kohde\/ekum3072-technics-st-x302l-viritin\/\"> <span class=\"screen-reader-text\">EKUM3072 Technics ST-X302L viritin<\/span>Read More<\/a><\/p>","protected":false},"featured_media":44204,"template":"","meta":[],"_links":{"self":[{"href":"https:\/\/www.radiomarket.fi\/en\/wp-json\/wp\/v2\/product\/44203"}],"collection":[{"href":"https:\/\/www.radiomarket.fi\/en\/wp-json\/wp\/v2\/product"}],"about":[{"href":"https:\/\/www.radiomarket.fi\/en\/wp-json\/wp\/v2\/types\/product"}],"wp:featuredmedia":[{"embeddable":true,"href":"https:\/\/www.radiomarket.fi\/en\/wp-json\/wp\/v2\/media\/44204"}],"wp:attachment":[{"href":"https:\/\/www.radiomarket.fi\/en\/wp-json\/wp\/v2\/media?parent=44203"}],"curies":[{"name":"wp","href":"https:\/\/api.w.org\/{rel}","templated":true}]}}