{"id":44299,"date":"2023-12-28T21:16:12","date_gmt":"2023-12-28T19:16:12","guid":{"rendered":"https:\/\/www.radiomarket.fi\/?post_type=product&#038;p=44299"},"modified":"2023-12-28T21:28:32","modified_gmt":"2023-12-28T19:28:32","slug":"ekum0575-aa-aaa-akkulaturi-ni-nc-ni-mh","status":"publish","type":"product","link":"https:\/\/www.radiomarket.fi\/en\/kohde\/ekum0575-aa-aaa-akkulaturi-ni-nc-ni-mh\/","title":{"rendered":"EKUM0575 AA-AAA-akkulaturi Ni-Nc\/Ni-Mh"},"content":{"rendered":"<p>Testattu huonoilla 1,2 voltin akuilla toimivaksi. Lataus onnistui, testiakkujen huonon kunnon vuoksi vertailudataa ei ole. Akut eiv\u00e4t sis\u00e4lly tuotteeseen. K\u00e4ytetty.<\/p>","protected":false},"excerpt":{"rendered":"<p>Testattu huonoilla 1,2 voltin akuilla toimivaksi. Lataus onnistui, testiakkujen huonon kunnon vuoksi vertailudataa ei ole. Akut eiv\u00e4t sis\u00e4lly tuotteeseen. K\u00e4ytetty.<\/p>","protected":false},"featured_media":44300,"template":"","meta":[],"_links":{"self":[{"href":"https:\/\/www.radiomarket.fi\/en\/wp-json\/wp\/v2\/product\/44299"}],"collection":[{"href":"https:\/\/www.radiomarket.fi\/en\/wp-json\/wp\/v2\/product"}],"about":[{"href":"https:\/\/www.radiomarket.fi\/en\/wp-json\/wp\/v2\/types\/product"}],"wp:featuredmedia":[{"embeddable":true,"href":"https:\/\/www.radiomarket.fi\/en\/wp-json\/wp\/v2\/media\/44300"}],"wp:attachment":[{"href":"https:\/\/www.radiomarket.fi\/en\/wp-json\/wp\/v2\/media?parent=44299"}],"curies":[{"name":"wp","href":"https:\/\/api.w.org\/{rel}","templated":true}]}}