{"id":44318,"date":"2023-12-30T14:37:49","date_gmt":"2023-12-30T12:37:49","guid":{"rendered":"https:\/\/www.radiomarket.fi\/?post_type=product&#038;p=44318"},"modified":"2024-02-20T17:12:09","modified_gmt":"2024-02-20T15:12:09","slug":"ekum3076-philips-d7030-00","status":"publish","type":"product","link":"https:\/\/www.radiomarket.fi\/en\/kohde\/ekum3076-philips-d7030-00\/","title":{"rendered":"EKUM3076 Philips D7030\/00"},"content":{"rendered":"<p>Pikatestattu 12\/2023 verkkovirralla: ULA:lla kuuluu asemia ja asemat vaihtuu.<\/p><p>Kahva poikki, kahvan toinen p\u00e4\u00e4 kiinni radiossa. Toinen p\u00e4\u00e4 mukana paristokotelossa. Kahvan pitk\u00e4 osa mukana teleskooppiantenniin sidottuna.<\/p><p>Ei tutkittu tarkemmin.<\/p>","protected":false},"excerpt":{"rendered":"<p>Pikatestattu 12\/2023 verkkovirralla: ULA:lla kuuluu asemia ja asemat vaihtuu.Kahva poikki, kahvan toinen p\u00e4\u00e4 kiinni radiossa. Toinen p\u00e4\u00e4 mukana paristokotelossa. Kahvan pitk\u00e4 osa mukana teleskooppiantenniin sidottuna.Ei tutkittu tarkemmin.<\/p>","protected":false},"featured_media":44321,"template":"","meta":[],"_links":{"self":[{"href":"https:\/\/www.radiomarket.fi\/en\/wp-json\/wp\/v2\/product\/44318"}],"collection":[{"href":"https:\/\/www.radiomarket.fi\/en\/wp-json\/wp\/v2\/product"}],"about":[{"href":"https:\/\/www.radiomarket.fi\/en\/wp-json\/wp\/v2\/types\/product"}],"wp:featuredmedia":[{"embeddable":true,"href":"https:\/\/www.radiomarket.fi\/en\/wp-json\/wp\/v2\/media\/44321"}],"wp:attachment":[{"href":"https:\/\/www.radiomarket.fi\/en\/wp-json\/wp\/v2\/media?parent=44318"}],"curies":[{"name":"wp","href":"https:\/\/api.w.org\/{rel}","templated":true}]}}