{"id":44322,"date":"2024-03-22T15:01:48","date_gmt":"2024-03-22T13:01:48","guid":{"rendered":"https:\/\/www.radiomarket.fi\/?post_type=product&#038;p=44322"},"modified":"2024-03-08T13:55:04","modified_gmt":"2024-03-08T11:55:04","slug":"ekum3077-philips-d2426-00r","status":"publish","type":"product","link":"https:\/\/www.radiomarket.fi\/en\/kohde\/ekum3077-philips-d2426-00r\/","title":{"rendered":"EKUM3077 Philips D2426\/00R"},"content":{"rendered":"<p>Pikatestattu 12\/2023 verkkovirralla: ULA:lla kuuluu jotain, asemaviisari liikkuu mutta asemat eiv\u00e4t vaihdu. Voidaan myyd\u00e4 my\u00f6s purkuosina.<\/p><p>Kahva poikki, antennista puuttuu osia.<\/p><p>Ei tutkittu tarkemmin.<\/p>","protected":false},"excerpt":{"rendered":"<p>Pikatestattu 12\/2023 verkkovirralla: ULA:lla kuuluu jotain, asemaviisari liikkuu mutta asemat eiv\u00e4t vaihdu. Voidaan myyd\u00e4 my\u00f6s purkuosina.Kahva poikki, antennista puuttuu osia.Ei tutkittu tarkemmin.<\/p>","protected":false},"featured_media":44325,"template":"","meta":[],"_links":{"self":[{"href":"https:\/\/www.radiomarket.fi\/en\/wp-json\/wp\/v2\/product\/44322"}],"collection":[{"href":"https:\/\/www.radiomarket.fi\/en\/wp-json\/wp\/v2\/product"}],"about":[{"href":"https:\/\/www.radiomarket.fi\/en\/wp-json\/wp\/v2\/types\/product"}],"wp:featuredmedia":[{"embeddable":true,"href":"https:\/\/www.radiomarket.fi\/en\/wp-json\/wp\/v2\/media\/44325"}],"wp:attachment":[{"href":"https:\/\/www.radiomarket.fi\/en\/wp-json\/wp\/v2\/media?parent=44322"}],"curies":[{"name":"wp","href":"https:\/\/api.w.org\/{rel}","templated":true}]}}