{"id":44326,"date":"2023-12-30T16:18:51","date_gmt":"2023-12-30T14:18:51","guid":{"rendered":"https:\/\/www.radiomarket.fi\/?post_type=product&#038;p=44326"},"modified":"2023-12-30T16:25:23","modified_gmt":"2023-12-30T14:25:23","slug":"ekum3078-philips-d3140-14-kelloradio","status":"publish","type":"product","link":"https:\/\/www.radiomarket.fi\/en\/kohde\/ekum3078-philips-d3140-14-kelloradio\/","title":{"rendered":"EKUM3078 Philips D3140\/14 kelloradio"},"content":{"rendered":"<p>Pikatestattu 12\/2023 verkkovirralla: radiosta ei kuulu asemia, eik\u00e4 edes normaalia taustakohinaa. Kellon n\u00e4yt\u00f6st\u00e4 puuttuu ainakin pari palkkia. Virtakytkimen ymp\u00e4rill\u00e4 p\u00e4\u00e4ll\u00e4 kulumaa.<\/p><p>Ei tutkittu tarkemmin.<\/p>","protected":false},"excerpt":{"rendered":"<p>Pikatestattu 12\/2023 verkkovirralla: radiosta ei kuulu asemia, eik\u00e4 edes normaalia taustakohinaa. Kellon n\u00e4yt\u00f6st\u00e4 puuttuu ainakin pari palkkia. Virtakytkimen ymp\u00e4rill\u00e4 p\u00e4\u00e4ll\u00e4 kulumaa.Ei tutkittu tarkemmin.<\/p>","protected":false},"featured_media":44328,"template":"","meta":[],"_links":{"self":[{"href":"https:\/\/www.radiomarket.fi\/en\/wp-json\/wp\/v2\/product\/44326"}],"collection":[{"href":"https:\/\/www.radiomarket.fi\/en\/wp-json\/wp\/v2\/product"}],"about":[{"href":"https:\/\/www.radiomarket.fi\/en\/wp-json\/wp\/v2\/types\/product"}],"wp:featuredmedia":[{"embeddable":true,"href":"https:\/\/www.radiomarket.fi\/en\/wp-json\/wp\/v2\/media\/44328"}],"wp:attachment":[{"href":"https:\/\/www.radiomarket.fi\/en\/wp-json\/wp\/v2\/media?parent=44326"}],"curies":[{"name":"wp","href":"https:\/\/api.w.org\/{rel}","templated":true}]}}