{"id":44337,"date":"2023-12-31T19:34:37","date_gmt":"2023-12-31T17:34:37","guid":{"rendered":"https:\/\/www.radiomarket.fi\/?post_type=product&#038;p=44337"},"modified":"2024-01-05T13:54:00","modified_gmt":"2024-01-05T11:54:00","slug":"ekub0581-grasslin-kellokytkin-varaosiksi","status":"publish","type":"product","link":"https:\/\/www.radiomarket.fi\/en\/kohde\/ekub0581-grasslin-kellokytkin-varaosiksi\/","title":{"rendered":"EKUB0581 Gr\u00e4sslin kellokytkin varaosiksi"},"content":{"rendered":"<p>Jotain puuttuu, mutta ehk\u00e4 saat t\u00e4st\u00e4 ja toisesta koottua kokonaisen.<\/p>","protected":false},"excerpt":{"rendered":"<p>Jotain puuttuu, mutta ehk\u00e4 saat t\u00e4st\u00e4 ja toisesta koottua kokonaisen.<\/p>","protected":false},"featured_media":44339,"template":"","meta":[],"_links":{"self":[{"href":"https:\/\/www.radiomarket.fi\/en\/wp-json\/wp\/v2\/product\/44337"}],"collection":[{"href":"https:\/\/www.radiomarket.fi\/en\/wp-json\/wp\/v2\/product"}],"about":[{"href":"https:\/\/www.radiomarket.fi\/en\/wp-json\/wp\/v2\/types\/product"}],"wp:featuredmedia":[{"embeddable":true,"href":"https:\/\/www.radiomarket.fi\/en\/wp-json\/wp\/v2\/media\/44339"}],"wp:attachment":[{"href":"https:\/\/www.radiomarket.fi\/en\/wp-json\/wp\/v2\/media?parent=44337"}],"curies":[{"name":"wp","href":"https:\/\/api.w.org\/{rel}","templated":true}]}}