{"id":44391,"date":"2024-01-06T11:14:59","date_gmt":"2024-01-06T09:14:59","guid":{"rendered":"https:\/\/www.radiomarket.fi\/?post_type=product&#038;p=44391"},"modified":"2024-02-09T13:25:43","modified_gmt":"2024-02-09T11:25:43","slug":"ekum0580-philips-vastaanotinputket-ja-kuvaputket-1968-kasikirja","status":"publish","type":"product","link":"https:\/\/www.radiomarket.fi\/en\/kohde\/ekum0580-philips-vastaanotinputket-ja-kuvaputket-1968-kasikirja\/","title":{"rendered":"EKUM0580 Philips vastaanotinputket ja kuvaputket 1968 k\u00e4sikirja"},"content":{"rendered":"<p>Electron Tubes Part 4. Philips and Mullard Receiving Tubes and T.V. Picture Tubes March 1968.\u00a0<\/p>","protected":false},"excerpt":{"rendered":"<p>Kirjetoimitustuotteita kannattaa tilata kerralla useampikin, sill\u00e4 lis\u00e4tuote lis\u00e4\u00e4 postimaksua vain 10 sentill\u00e4 (12\/2023 tilanteen mukaan, tarkista tilausta tehdess\u00e4si todellinen postimaksu).<\/p>","protected":false},"featured_media":44394,"template":"","meta":[],"_links":{"self":[{"href":"https:\/\/www.radiomarket.fi\/en\/wp-json\/wp\/v2\/product\/44391"}],"collection":[{"href":"https:\/\/www.radiomarket.fi\/en\/wp-json\/wp\/v2\/product"}],"about":[{"href":"https:\/\/www.radiomarket.fi\/en\/wp-json\/wp\/v2\/types\/product"}],"wp:featuredmedia":[{"embeddable":true,"href":"https:\/\/www.radiomarket.fi\/en\/wp-json\/wp\/v2\/media\/44394"}],"wp:attachment":[{"href":"https:\/\/www.radiomarket.fi\/en\/wp-json\/wp\/v2\/media?parent=44391"}],"curies":[{"name":"wp","href":"https:\/\/api.w.org\/{rel}","templated":true}]}}