{"id":44414,"date":"2024-01-06T18:18:53","date_gmt":"2024-01-06T16:18:53","guid":{"rendered":"https:\/\/www.radiomarket.fi\/?post_type=product&#038;p=44414"},"modified":"2024-02-20T12:59:41","modified_gmt":"2024-02-20T10:59:41","slug":"ekum0582-muuntosahko-oel5-220-24-muuntaja","status":"publish","type":"product","link":"https:\/\/www.radiomarket.fi\/en\/kohde\/ekum0582-muuntosahko-oel5-220-24-muuntaja\/","title":{"rendered":"EKUM0582 Muuntos\u00e4hk\u00f6 OEL5-220\/24 muuntaja"},"content":{"rendered":"<p>Mahdollisesti Esmin j\u00e4rjestelm\u00e4n 24 voltin verkkolaite 1980-luvun puoliv\u00e4lilt\u00e4.<\/p>","protected":false},"excerpt":{"rendered":"<p>Mahdollisesti Esmin j\u00e4rjestelm\u00e4n 24 voltin verkkolaite 1980-luvun puoliv\u00e4lilt\u00e4.<\/p>","protected":false},"featured_media":44417,"template":"","meta":[],"_links":{"self":[{"href":"https:\/\/www.radiomarket.fi\/en\/wp-json\/wp\/v2\/product\/44414"}],"collection":[{"href":"https:\/\/www.radiomarket.fi\/en\/wp-json\/wp\/v2\/product"}],"about":[{"href":"https:\/\/www.radiomarket.fi\/en\/wp-json\/wp\/v2\/types\/product"}],"wp:featuredmedia":[{"embeddable":true,"href":"https:\/\/www.radiomarket.fi\/en\/wp-json\/wp\/v2\/media\/44417"}],"wp:attachment":[{"href":"https:\/\/www.radiomarket.fi\/en\/wp-json\/wp\/v2\/media?parent=44414"}],"curies":[{"name":"wp","href":"https:\/\/api.w.org\/{rel}","templated":true}]}}