{"id":44438,"date":"2024-01-07T10:36:01","date_gmt":"2024-01-07T08:36:01","guid":{"rendered":"https:\/\/www.radiomarket.fi\/?post_type=product&#038;p=44438"},"modified":"2024-01-10T15:10:14","modified_gmt":"2024-01-10T13:10:14","slug":"ekus0087-luxor-turist-5600","status":"publish","type":"product","link":"https:\/\/www.radiomarket.fi\/en\/kohde\/ekus0087-luxor-turist-5600\/","title":{"rendered":"EKUS0087 Luxor Turist 5600WB"},"content":{"rendered":"<p>Antenni puuttuu. Toinen pienemmist\u00e4 nupeista v\u00e4\u00e4r\u00e4. Kotelon puuosassa maali rapistunut. Kahva kokonainen. Osa takalevyn ruuveista puuttuu ja loputkin saattavat olla v\u00e4\u00e4ri\u00e4. Ei tutkittu tarkemmin.\u00a0<br \/><br \/>T\u00e4st\u00e4 luovutaan, sill\u00e4 museon n\u00e4yttelyyn on saatu t\u00e4ydellisempi esine.<br \/><br \/>#putkimatkaradio<\/p>","protected":false},"excerpt":{"rendered":"<p>Antenni puuttuu. Toinen pienemmist\u00e4 nupeista v\u00e4\u00e4r\u00e4. Kotelon puuosassa maali rapistunut. Kahva kokonainen. Osa takalevyn ruuveista puuttuu ja loputkin saattavat olla v\u00e4\u00e4ri\u00e4. Ei tutkittu tarkemmin.\u00a0T\u00e4st\u00e4 luovutaan, sill\u00e4 museon n\u00e4yttelyyn on saatu t\u00e4ydellisempi esine.#putkimatkaradio<\/p>","protected":false},"featured_media":44443,"template":"","meta":[],"_links":{"self":[{"href":"https:\/\/www.radiomarket.fi\/en\/wp-json\/wp\/v2\/product\/44438"}],"collection":[{"href":"https:\/\/www.radiomarket.fi\/en\/wp-json\/wp\/v2\/product"}],"about":[{"href":"https:\/\/www.radiomarket.fi\/en\/wp-json\/wp\/v2\/types\/product"}],"wp:featuredmedia":[{"embeddable":true,"href":"https:\/\/www.radiomarket.fi\/en\/wp-json\/wp\/v2\/media\/44443"}],"wp:attachment":[{"href":"https:\/\/www.radiomarket.fi\/en\/wp-json\/wp\/v2\/media?parent=44438"}],"curies":[{"name":"wp","href":"https:\/\/api.w.org\/{rel}","templated":true}]}}