{"id":44480,"date":"2024-01-07T14:53:19","date_gmt":"2024-01-07T12:53:19","guid":{"rendered":"https:\/\/www.radiomarket.fi\/?post_type=product&#038;p=44480"},"modified":"2024-11-25T21:55:23","modified_gmt":"2024-11-25T19:55:23","slug":"ekub0595-huawei-gsm-wifi-modeemi-mobile-wifi-e5220","status":"publish","type":"product","link":"https:\/\/www.radiomarket.fi\/en\/kohde\/ekub0595-huawei-gsm-wifi-modeemi-mobile-wifi-e5220\/","title":{"rendered":"EKUB0595 Huawei GSM-Wifi-modeemi Mobile WiFi E5220"},"content":{"rendered":"<p>K\u00e4ytetty, ei testattu. Akku ladattu laitteella, otti virtaa ja lopetti latauksen kuten pit\u00e4\u00e4kin. Akkutyyppi HB5A2H. Hinta akkuineen, ei laturia eik\u00e4 latausjohtoa.<\/p>","protected":false},"excerpt":{"rendered":"<p>Kirjetoimitustuotteita kannattaa tilata useampi kerralla, lis\u00e4tuote nostaa postikulun osuutta vain muutamalla sentill\u00e4.<\/p>","protected":false},"featured_media":44484,"template":"","meta":[],"_links":{"self":[{"href":"https:\/\/www.radiomarket.fi\/en\/wp-json\/wp\/v2\/product\/44480"}],"collection":[{"href":"https:\/\/www.radiomarket.fi\/en\/wp-json\/wp\/v2\/product"}],"about":[{"href":"https:\/\/www.radiomarket.fi\/en\/wp-json\/wp\/v2\/types\/product"}],"wp:featuredmedia":[{"embeddable":true,"href":"https:\/\/www.radiomarket.fi\/en\/wp-json\/wp\/v2\/media\/44484"}],"wp:attachment":[{"href":"https:\/\/www.radiomarket.fi\/en\/wp-json\/wp\/v2\/media?parent=44480"}],"curies":[{"name":"wp","href":"https:\/\/api.w.org\/{rel}","templated":true}]}}