{"id":44594,"date":"2024-01-11T02:25:16","date_gmt":"2024-01-11T00:25:16","guid":{"rendered":"https:\/\/www.radiomarket.fi\/?post_type=product&#038;p=44594"},"modified":"2024-01-27T13:51:03","modified_gmt":"2024-01-27T11:51:03","slug":"ekum3085-siemens","status":"publish","type":"product","link":"https:\/\/www.radiomarket.fi\/en\/kohde\/ekum3085-siemens\/","title":{"rendered":"EKUM3085 Siemens lankapuhelin vuodelta 1987"},"content":{"rendered":"<p>P\u00e4\u00e4llisin puolin kokonaisen oloinen. Pohjan tarrasta p\u00e4\u00e4tellen vuodelta 1987. Ei tutkittu tarkemmin.<\/p>","protected":false},"excerpt":{"rendered":"<p>P\u00e4\u00e4llisin puolin kokonaisen oloinen. Pohjan tarrasta p\u00e4\u00e4tellen vuodelta 1987. Ei tutkittu tarkemmin.<\/p>","protected":false},"featured_media":44585,"template":"","meta":[],"_links":{"self":[{"href":"https:\/\/www.radiomarket.fi\/en\/wp-json\/wp\/v2\/product\/44594"}],"collection":[{"href":"https:\/\/www.radiomarket.fi\/en\/wp-json\/wp\/v2\/product"}],"about":[{"href":"https:\/\/www.radiomarket.fi\/en\/wp-json\/wp\/v2\/types\/product"}],"wp:featuredmedia":[{"embeddable":true,"href":"https:\/\/www.radiomarket.fi\/en\/wp-json\/wp\/v2\/media\/44585"}],"wp:attachment":[{"href":"https:\/\/www.radiomarket.fi\/en\/wp-json\/wp\/v2\/media?parent=44594"}],"curies":[{"name":"wp","href":"https:\/\/api.w.org\/{rel}","templated":true}]}}