{"id":44612,"date":"2024-01-11T15:12:41","date_gmt":"2024-01-11T13:12:41","guid":{"rendered":"https:\/\/www.radiomarket.fi\/?post_type=product&#038;p=44612"},"modified":"2024-03-20T14:58:54","modified_gmt":"2024-03-20T12:58:54","slug":"ekum3086-philips-650a","status":"publish","type":"product","link":"https:\/\/www.radiomarket.fi\/en\/kohde\/ekum3086-philips-650a\/","title":{"rendered":"EKUM3086 Philips 650A"},"content":{"rendered":"<p>Siisti. P\u00e4\u00e4llisin puolin kokonainen. Radion koneistoon tuleva virtaliitin ei ole alkuper\u00e4inen. Kangasp\u00e4\u00e4llysteinen virtajohto on hapertunut. N\u00e4k\u00f6viritysputki saattaa olla v\u00e4\u00e4r\u00e4. Kangas mahdollisesti vaihdettu, tai radiota valmistettu erilaisilla kankailla. Museokokoelmassa oleva vastaava radio on eri kankaalla. Lahjoittajan mukaan s\u00e4ilytetty l\u00e4mpim\u00e4ss\u00e4. Ei tutkittu tarkemmin.<\/p>","protected":false},"excerpt":{"rendered":"<p>Postimyynniss\u00e4 suositellaan s\u00e4rkyv\u00e4 -lis\u00e4palvelua t\u00e4m\u00e4n tuotekategorian tuotteille (ostettavissa erillisen\u00e4 tuotteena).<\/p>","protected":false},"featured_media":44615,"template":"","meta":[],"_links":{"self":[{"href":"https:\/\/www.radiomarket.fi\/en\/wp-json\/wp\/v2\/product\/44612"}],"collection":[{"href":"https:\/\/www.radiomarket.fi\/en\/wp-json\/wp\/v2\/product"}],"about":[{"href":"https:\/\/www.radiomarket.fi\/en\/wp-json\/wp\/v2\/types\/product"}],"wp:featuredmedia":[{"embeddable":true,"href":"https:\/\/www.radiomarket.fi\/en\/wp-json\/wp\/v2\/media\/44615"}],"wp:attachment":[{"href":"https:\/\/www.radiomarket.fi\/en\/wp-json\/wp\/v2\/media?parent=44612"}],"curies":[{"name":"wp","href":"https:\/\/api.w.org\/{rel}","templated":true}]}}