{"id":44682,"date":"2024-01-14T13:50:55","date_gmt":"2024-01-14T11:50:55","guid":{"rendered":"https:\/\/www.radiomarket.fi\/?post_type=product&#038;p=44682"},"modified":"2025-10-17T19:47:56","modified_gmt":"2025-10-17T16:47:56","slug":"ekun1607-albert-einstein-relativitatstheorie","status":"publish","type":"product","link":"https:\/\/www.radiomarket.fi\/en\/kohde\/ekun1607-albert-einstein-relativitatstheorie\/","title":{"rendered":"EKUN1607 kirja Albert Einstein: Relativit\u00e4tstheorie"},"content":{"rendered":"<div class=\"page-title-wrapper product\"><p class=\"title\">Sammlung Vieweg &#8211; Arbeiten aus den gebieten der Naturwissenschaften und der Technik &#8211; Heft 38<\/p><\/div><div class=\"additional-attributes-wrapper table-wrapper\"><table id=\"product-attribute-specs-table\" class=\"data table additional-attributes\"><caption class=\"table-caption\">\u00a0<\/caption><tbody><tr><th class=\"col label\" scope=\"row\">Hakusanat<\/th><td class=\"col data\" data-th=\"Tuoteryhm\u00e4\"><p>&nbsp;<\/p><\/td><\/tr><tr><th class=\"col label\" scope=\"row\">Tekij\u00e4<\/th><td class=\"col data\" data-th=\"Tekij\u00e4\">Albert Einstein<\/td><\/tr><tr><th class=\"col label\" scope=\"row\">Teoksen nimi<\/th><td class=\"col data\" data-th=\"Teoksen nimi\">\u00dcber die Spezielle und Allgemeine Relativit\u00e4tstheorie (Gemeinverst\u00e4ndlich)<\/td><\/tr><tr><th class=\"col label\" scope=\"row\">Kustantaja<\/th><td class=\"col data\" data-th=\"Kustantaja\">Verlag Friedr. Vieweg &amp; Sohn, Braunschweig<\/td><\/tr><tr><th class=\"col label\" scope=\"row\">Painovuosi<\/th><td class=\"col data\" data-th=\"Painovuosi\">1960<\/td><\/tr><tr><th class=\"col label\" scope=\"row\">Painos<\/th><td class=\"col data\" data-th=\"Painos\">&#8211;<\/td><\/tr><tr><th class=\"col label\" scope=\"row\">Sidonta<\/th><td class=\"col data\" data-th=\"Sidonta\">pehme\u00e4kantinen<\/td><\/tr><tr><th class=\"col label\" scope=\"row\">Sivum\u00e4\u00e4r\u00e4<\/th><td class=\"col data\" data-th=\"Sivum\u00e4\u00e4r\u00e4\">104<\/td><\/tr><tr><th class=\"col label\" scope=\"row\">Alkuteos<\/th><td class=\"col data\" data-th=\"Alkuteos\">&#8211;<\/td><\/tr><tr><th class=\"col label\" scope=\"row\">Kieli<\/th><td class=\"col data\" data-th=\"Kieli\">saksa<\/td><\/tr><tr><th class=\"col label\" scope=\"row\">Muut tekij\u00e4t<\/th><td class=\"col data\" data-th=\"Muut tekij\u00e4t\">&#8211;<\/td><\/tr><tr><th class=\"col label\" scope=\"row\">Kuntoluokitus (K1-K5)<\/th><td class=\"col data\" data-th=\"Kuntoluokitus (K1-K5)\">&#8211;<\/td><\/tr><tr><th class=\"col label\" scope=\"row\">ISBN<\/th><td class=\"col data\" data-th=\"Kansipaperin kunto\">\u00a0<\/td><\/tr><tr><th class=\"col label\" scope=\"row\">Muuta<\/th><td class=\"col data\" data-th=\"Muuta\">Muutamalla sivulla alleviivauksia ja merkint\u00f6j\u00e4. Takakannessa painumia ja likaa.<\/td><\/tr><tr><th class=\"col label\" scope=\"row\">Korkeus (mm)<\/th><td class=\"col data\" data-th=\"Korkeus (mm)\">210<\/td><\/tr><tr><th class=\"col label\" scope=\"row\">Syvyys (mm)<\/th><td class=\"col data\" data-th=\"Syvyys (mm)\">148<\/td><\/tr><tr><th class=\"col label\" scope=\"row\">Paksuus (mm)<\/th><td class=\"col data\" data-th=\"Paksuus (mm)\">9<\/td><\/tr><tr><th class=\"col label\" scope=\"row\">Paino (g)<\/th><td class=\"col data\" data-th=\"Paino (g)\">\u00a0<\/td><\/tr><tr><th class=\"col label\" scope=\"row\">Toimitusluokka<\/th><td class=\"col data\" data-th=\"Verokanta\">kirje<\/td><\/tr><\/tbody><\/table><p>Varmistathan tietojen oikeellisuuden myyj\u00e4lt\u00e4.<\/p><\/div>","protected":false},"excerpt":{"rendered":"<p>Kirjetoimitusluokan tuotteita samaan tilaukseen yhdistett\u00e4ess\u00e4 lis\u00e4tuotteet nostavat perustoimituskulua vain joitakin kymmeni\u00e4 senttej\u00e4 (vuoden 2024 postin hinnoittelun mukaan).<\/p>","protected":false},"featured_media":44683,"template":"","meta":[],"_links":{"self":[{"href":"https:\/\/www.radiomarket.fi\/en\/wp-json\/wp\/v2\/product\/44682"}],"collection":[{"href":"https:\/\/www.radiomarket.fi\/en\/wp-json\/wp\/v2\/product"}],"about":[{"href":"https:\/\/www.radiomarket.fi\/en\/wp-json\/wp\/v2\/types\/product"}],"wp:featuredmedia":[{"embeddable":true,"href":"https:\/\/www.radiomarket.fi\/en\/wp-json\/wp\/v2\/media\/44683"}],"wp:attachment":[{"href":"https:\/\/www.radiomarket.fi\/en\/wp-json\/wp\/v2\/media?parent=44682"}],"curies":[{"name":"wp","href":"https:\/\/api.w.org\/{rel}","templated":true}]}}