{"id":44692,"date":"2024-01-14T18:43:45","date_gmt":"2024-01-14T16:43:45","guid":{"rendered":"https:\/\/www.radiomarket.fi\/?post_type=product&#038;p=44692"},"modified":"2024-03-27T15:44:02","modified_gmt":"2024-03-27T13:44:02","slug":"ekub0600-sinetoitava-diskettikirjekotelo-nos","status":"publish","type":"product","link":"https:\/\/www.radiomarket.fi\/en\/kohde\/ekub0600-sinetoitava-diskettikirjekotelo-nos\/","title":{"rendered":"EKUB0600 Sinet\u00f6it\u00e4v\u00e4 diskettikirjekotelo NOS"},"content":{"rendered":"<p>K\u00e4ytt\u00e4m\u00e4t\u00f6n sinet\u00f6it\u00e4viss\u00e4 oleva kahden 3,5&#8243; levykkeen kotelo \/ kirjepostikotelo. Mukana alkuper\u00e4iset osoitetarrat ja sulkuhakaset avaamattomassa pakkauksessa. Ostettu SA-kaupasta. Vain yksi kappale myynniss\u00e4.<\/p>","protected":false},"excerpt":{"rendered":"<p>Kirjetoimitustuotteita kannattaa tilata useampi kerralla, lis\u00e4tuote nostaa postikulun osuutta vain muutamalla sentill\u00e4.<\/p>","protected":false},"featured_media":44693,"template":"","meta":[],"_links":{"self":[{"href":"https:\/\/www.radiomarket.fi\/en\/wp-json\/wp\/v2\/product\/44692"}],"collection":[{"href":"https:\/\/www.radiomarket.fi\/en\/wp-json\/wp\/v2\/product"}],"about":[{"href":"https:\/\/www.radiomarket.fi\/en\/wp-json\/wp\/v2\/types\/product"}],"wp:featuredmedia":[{"embeddable":true,"href":"https:\/\/www.radiomarket.fi\/en\/wp-json\/wp\/v2\/media\/44693"}],"wp:attachment":[{"href":"https:\/\/www.radiomarket.fi\/en\/wp-json\/wp\/v2\/media?parent=44692"}],"curies":[{"name":"wp","href":"https:\/\/api.w.org\/{rel}","templated":true}]}}