{"id":44704,"date":"2024-01-14T19:06:56","date_gmt":"2024-01-14T17:06:56","guid":{"rendered":"https:\/\/www.radiomarket.fi\/?post_type=product&#038;p=44704"},"modified":"2024-02-07T12:24:29","modified_gmt":"2024-02-07T10:24:29","slug":"ekub0603-jyvaskylan-puhelinluettelo-2005-2006","status":"publish","type":"product","link":"https:\/\/www.radiomarket.fi\/en\/kohde\/ekub0603-jyvaskylan-puhelinluettelo-2005-2006\/","title":{"rendered":"EKUB0603 Jyv\u00e4skyl\u00e4n puhelinluettelo 2005-2006"},"content":{"rendered":"<p>Hyv\u00e4kuntoinen Fonectan paikallispuhelinluettelo. Jyv\u00e4skyl\u00e4 &#8211; Jyv\u00e4skyl\u00e4n mlk &#8211; Laukaa &#8211; Muurame.<\/p>","protected":false},"excerpt":{"rendered":"<p>Kirjetoimitustuotteita kannattaa tilata useampi kerralla, lis\u00e4tuote nostaa postikulun osuutta vain muutamalla sentill\u00e4.<\/p>","protected":false},"featured_media":44705,"template":"","meta":[],"_links":{"self":[{"href":"https:\/\/www.radiomarket.fi\/en\/wp-json\/wp\/v2\/product\/44704"}],"collection":[{"href":"https:\/\/www.radiomarket.fi\/en\/wp-json\/wp\/v2\/product"}],"about":[{"href":"https:\/\/www.radiomarket.fi\/en\/wp-json\/wp\/v2\/types\/product"}],"wp:featuredmedia":[{"embeddable":true,"href":"https:\/\/www.radiomarket.fi\/en\/wp-json\/wp\/v2\/media\/44705"}],"wp:attachment":[{"href":"https:\/\/www.radiomarket.fi\/en\/wp-json\/wp\/v2\/media?parent=44704"}],"curies":[{"name":"wp","href":"https:\/\/api.w.org\/{rel}","templated":true}]}}