{"id":44886,"date":"2024-01-20T21:53:19","date_gmt":"2024-01-20T19:53:19","guid":{"rendered":"https:\/\/www.radiomarket.fi\/?post_type=product&#038;p=44886"},"modified":"2024-01-21T16:42:36","modified_gmt":"2024-01-21T14:42:36","slug":"ekus0088-sotilasradio-kotimainen-puretaan","status":"publish","type":"product","link":"https:\/\/www.radiomarket.fi\/en\/kohde\/ekus0088-sotilasradio-kotimainen-puretaan\/","title":{"rendered":"EKUS0088 Helvar B-aseman l\u00e4hetin sotilasradio puretaan"},"content":{"rendered":"<p>Bertan l\u00e4hetinosa vanhempaa mallia. Kuvissa n\u00e4kyv\u00e4t osat tilattavissa purkuosina. Hinta kokonaisuudelta.<\/p>","protected":false},"excerpt":{"rendered":"<p>Bertan l\u00e4hetinosa vanhempaa mallia. Kuvissa n\u00e4kyv\u00e4t osat tilattavissa purkuosina. Hinta kokonaisuudelta.<\/p>","protected":false},"featured_media":44892,"template":"","meta":[],"_links":{"self":[{"href":"https:\/\/www.radiomarket.fi\/en\/wp-json\/wp\/v2\/product\/44886"}],"collection":[{"href":"https:\/\/www.radiomarket.fi\/en\/wp-json\/wp\/v2\/product"}],"about":[{"href":"https:\/\/www.radiomarket.fi\/en\/wp-json\/wp\/v2\/types\/product"}],"wp:featuredmedia":[{"embeddable":true,"href":"https:\/\/www.radiomarket.fi\/en\/wp-json\/wp\/v2\/media\/44892"}],"wp:attachment":[{"href":"https:\/\/www.radiomarket.fi\/en\/wp-json\/wp\/v2\/media?parent=44886"}],"curies":[{"name":"wp","href":"https:\/\/api.w.org\/{rel}","templated":true}]}}