{"id":44929,"date":"2024-05-22T11:30:33","date_gmt":"2024-05-22T08:30:33","guid":{"rendered":"https:\/\/www.radiomarket.fi\/?post_type=product&#038;p=44929"},"modified":"2024-10-05T15:12:58","modified_gmt":"2024-10-05T12:12:58","slug":"ekum3095-blaupunkt-corona","status":"publish","type":"product","link":"https:\/\/www.radiomarket.fi\/en\/kohde\/ekum3095-blaupunkt-corona\/","title":{"rendered":"EKUM3095 Blaupunkt Corona"},"content":{"rendered":"<p>Televisio-osa modifioitu. Tilalle vaihdettu mahdollisesti Grundig-merkkinen televisio. Ainakin s\u00e4\u00e4dinten alla olevassa pleksiss\u00e4 on Grundigin logo. Television peitt\u00e4v\u00e4 liukuva puinen p\u00f6lysuoja ei ulotu modifioinnin j\u00e4lkeen televisio-osan alareunaan saakka. Yksi radio-osan painonapeista on erilainen kuin muut (sormen paikka yhdess\u00e4 painonapeista). S\u00e4\u00e4t\u00f6kondensaattorista kuuluu mekaaninen \u00e4\u00e4ni asemanvalitsinta py\u00f6ritt\u00e4ess\u00e4. Levysoitin Perpetuum Ebner vaikuttaa tietojen perusteella alkuper\u00e4iselt\u00e4. Banaanikosketinliitinlevy on siirretty televisiopuolelta radiopuolelle. Laite on vuosien 1955-56 mallia. Mukana esite. Pinnoissa j\u00e4lki\u00e4, toinen p\u00e4\u00e4tyritil\u00e4 rikkoutunut.<\/p><p>S\u00e4ilytetty l\u00e4mpim\u00e4ss\u00e4 niin kauan kuin esineen historia on tunnettu.\u00a0<br \/><br \/>Ei tutkittu tarkemmin.<br \/><br \/>Vain nouto tai toimitus erikseen sovittaessa.<\/p><p>&nbsp;<\/p>","protected":false},"excerpt":{"rendered":"<p>Televisio-osa modifioitu. Tilalle vaihdettu mahdollisesti Grundig-merkkinen televisio. Ainakin s\u00e4\u00e4dinten alla olevassa pleksiss\u00e4 on Grundigin logo. Television peitt\u00e4v\u00e4 liukuva puinen p\u00f6lysuoja ei ulotu modifioinnin j\u00e4lkeen televisio-osan alareunaan saakka. Yksi radio-osan painonapeista on erilainen kuin muut (sormen paikka yhdess\u00e4 painonapeista). S\u00e4\u00e4t\u00f6kondensaattorista kuuluu mekaaninen \u00e4\u00e4ni asemanvalitsinta py\u00f6ritt\u00e4ess\u00e4. Levysoitin Perpetuum Ebner vaikuttaa tietojen perusteella alkuper\u00e4iselt\u00e4. Banaanikosketinliitinlevy on siirretty televisiopuolelta &hellip;<\/p>\n<p class=\"read-more\"> <a class=\"thunk-readmore button\" href=\"https:\/\/www.radiomarket.fi\/en\/kohde\/ekum3095-blaupunkt-corona\/\"> <span class=\"screen-reader-text\">EKUM3095 Blaupunkt Corona<\/span>Read More<\/a><\/p>","protected":false},"featured_media":44944,"template":"","meta":[],"_links":{"self":[{"href":"https:\/\/www.radiomarket.fi\/en\/wp-json\/wp\/v2\/product\/44929"}],"collection":[{"href":"https:\/\/www.radiomarket.fi\/en\/wp-json\/wp\/v2\/product"}],"about":[{"href":"https:\/\/www.radiomarket.fi\/en\/wp-json\/wp\/v2\/types\/product"}],"wp:featuredmedia":[{"embeddable":true,"href":"https:\/\/www.radiomarket.fi\/en\/wp-json\/wp\/v2\/media\/44944"}],"wp:attachment":[{"href":"https:\/\/www.radiomarket.fi\/en\/wp-json\/wp\/v2\/media?parent=44929"}],"curies":[{"name":"wp","href":"https:\/\/api.w.org\/{rel}","templated":true}]}}