{"id":44976,"date":"2024-01-26T17:10:46","date_gmt":"2024-01-26T15:10:46","guid":{"rendered":"https:\/\/www.radiomarket.fi\/?post_type=product&#038;p=44976"},"modified":"2024-01-26T20:36:02","modified_gmt":"2024-01-26T18:36:02","slug":"ekus0089-magnetophon-96-kelanauhuri","status":"publish","type":"product","link":"https:\/\/www.radiomarket.fi\/en\/kohde\/ekus0089-magnetophon-96-kelanauhuri\/","title":{"rendered":"EKUS0089 AEG Magnetophon 96 kelanauhuri"},"content":{"rendered":"<p>Kansi puuttuu. \u00c4\u00e4nip\u00e4\u00e4suojuksesta j\u00e4ljell\u00e4 vain &#8220;kolmio-osa&#8221;, sen kiinnikkeist\u00e4 ainakin toisessa lohkeama. Ei pysy painamalla paikallaan. Ei tutkittu tarkemmin. Ei tutkittu tarkemmin. Voidaan myyd\u00e4 kokonaisena tai osina.<\/p>","protected":false},"excerpt":{"rendered":"<p>Kansi puuttuu. \u00c4\u00e4nip\u00e4\u00e4suojuksesta j\u00e4ljell\u00e4 vain &#8220;kolmio-osa&#8221;, sen kiinnikkeist\u00e4 ainakin toisessa lohkeama. Ei pysy painamalla paikallaan. Ei tutkittu tarkemmin. Ei tutkittu tarkemmin. Voidaan myyd\u00e4 kokonaisena tai osina.<\/p>","protected":false},"featured_media":44980,"template":"","meta":[],"_links":{"self":[{"href":"https:\/\/www.radiomarket.fi\/en\/wp-json\/wp\/v2\/product\/44976"}],"collection":[{"href":"https:\/\/www.radiomarket.fi\/en\/wp-json\/wp\/v2\/product"}],"about":[{"href":"https:\/\/www.radiomarket.fi\/en\/wp-json\/wp\/v2\/types\/product"}],"wp:featuredmedia":[{"embeddable":true,"href":"https:\/\/www.radiomarket.fi\/en\/wp-json\/wp\/v2\/media\/44980"}],"wp:attachment":[{"href":"https:\/\/www.radiomarket.fi\/en\/wp-json\/wp\/v2\/media?parent=44976"}],"curies":[{"name":"wp","href":"https:\/\/api.w.org\/{rel}","templated":true}]}}