{"id":44982,"date":"2024-01-26T17:23:30","date_gmt":"2024-01-26T15:23:30","guid":{"rendered":"https:\/\/www.radiomarket.fi\/?post_type=product&#038;p=44982"},"modified":"2024-01-27T16:44:49","modified_gmt":"2024-01-27T14:44:49","slug":"ekum6802-vhs-white-sands-verta-hiekalla-1992","status":"publish","type":"product","link":"https:\/\/www.radiomarket.fi\/en\/kohde\/ekum6802-vhs-white-sands-verta-hiekalla-1992\/","title":{"rendered":"EKUM6802 VHS: White Sands &#8211; Verta Hiekalla (1992)"},"content":{"rendered":"<p>VHS-nauhamme ovat k\u00e4ytettyj\u00e4. Katso lis\u00e4\u00e4 VHS-nauhojamme esim. galleriasta https:\/\/www.radiomarket.fi\/?s=EKUM68&amp;product_cat=0&amp;post_type=product tai tee &#8220;VHS&#8221; -haku verkkokaupassa.<\/p><p>&nbsp;<\/p><p>T\u00e4m\u00e4 kyseinen nauha on l\u00e4pisoitettu 01\/2024 ennen hyllytyst\u00e4. Nauha on t\u00e4ll\u00f6in mekaanisesti toistunut ja kelautunut hyvin. Sis\u00e4lt\u00f6\u00e4 ei ole l\u00e4pikotaisin alusta loppuun katsottu, mutta taustakatsellen toistettuna kuvan- ja \u00e4\u00e4nenlaatu vaikuttaa asialliselta. Aivan nauhan alussa pient\u00e4 horjuntaa \u00e4\u00e4ness\u00e4 ja ainakin alkutekstien kohdalla my\u00f6s kuvassa. Kotelon kulmasta puuttuu pieni pala ja muovikalvo irronnut siit\u00e4 kulmasta saumastaan.<\/p><p>&nbsp;<\/p><p>Verkkokaupan tarjoama toimitustapa on nouto tai kirjetoimitus, jolloin yksitt\u00e4iset nauhat l\u00e4hetet\u00e4\u00e4n p\u00e4\u00e4s\u00e4\u00e4nt\u00f6isesti yksinkertaisessa paperissa VHS-kotelon ollessa varsinainen pakkauksen runko. Mik\u00e4li haluat suojatumman paketoinnin, tee tilaus s\u00e4hk\u00f6postitse ja r\u00e4\u00e4t\u00e4l\u00f6imme kuljetuksen.<\/p>","protected":false},"excerpt":{"rendered":"<p>Kirjetoimitusluokan tuotteita samaan tilaukseen yhdistett\u00e4ess\u00e4 lis\u00e4tuotteet nostavat perustoimituskulua vain joitakin kymmeni\u00e4 senttej\u00e4 (vuoden 2024 postin hinnoittelun mukaan).<\/p>","protected":false},"featured_media":44985,"template":"","meta":[],"_links":{"self":[{"href":"https:\/\/www.radiomarket.fi\/en\/wp-json\/wp\/v2\/product\/44982"}],"collection":[{"href":"https:\/\/www.radiomarket.fi\/en\/wp-json\/wp\/v2\/product"}],"about":[{"href":"https:\/\/www.radiomarket.fi\/en\/wp-json\/wp\/v2\/types\/product"}],"wp:featuredmedia":[{"embeddable":true,"href":"https:\/\/www.radiomarket.fi\/en\/wp-json\/wp\/v2\/media\/44985"}],"wp:attachment":[{"href":"https:\/\/www.radiomarket.fi\/en\/wp-json\/wp\/v2\/media?parent=44982"}],"curies":[{"name":"wp","href":"https:\/\/api.w.org\/{rel}","templated":true}]}}