{"id":45153,"date":"2024-02-04T16:08:44","date_gmt":"2024-02-04T14:08:44","guid":{"rendered":"https:\/\/www.radiomarket.fi\/?post_type=product&#038;p=45153"},"modified":"2024-09-02T14:36:14","modified_gmt":"2024-09-02T11:36:14","slug":"ekun0096-mascot-ac-ac-adapter-type-8310-13v-ac","status":"publish","type":"product","link":"https:\/\/www.radiomarket.fi\/en\/kohde\/ekun0096-mascot-ac-ac-adapter-type-8310-13v-ac\/","title":{"rendered":"EKUN0096 mascot AC\/AC adapter Type 8310 13V AC"},"content":{"rendered":"<p>13V AC 250mA<br \/>230V~ 50\/60Hz 30mA<br \/><br \/>Poistettu toimivana k\u00e4yt\u00f6st\u00e4 8\/2023. T\u00e4ll\u00e4 on k\u00e4ytetty laitetta EKUN0097.<\/p><p>Vastaavaa Mascotin muuntajaa l\u00f6ytyy ainakin kahdella erilaisella liittimell\u00e4. T\u00e4ss\u00e4 liittimen\u00e4 on 3,5mm plugi.<\/p><p>Ei tutkittu tarkemmin.<\/p>","protected":false},"excerpt":{"rendered":"<p>13V AC 250mA230V~ 50\/60Hz 30mAPoistettu toimivana k\u00e4yt\u00f6st\u00e4 8\/2023. T\u00e4ll\u00e4 on k\u00e4ytetty laitetta EKUN0097.Vastaavaa Mascotin muuntajaa l\u00f6ytyy ainakin kahdella erilaisella liittimell\u00e4. T\u00e4ss\u00e4 liittimen\u00e4 on 3,5mm plugi.Ei tutkittu tarkemmin.<\/p>","protected":false},"featured_media":45154,"template":"","meta":[],"_links":{"self":[{"href":"https:\/\/www.radiomarket.fi\/en\/wp-json\/wp\/v2\/product\/45153"}],"collection":[{"href":"https:\/\/www.radiomarket.fi\/en\/wp-json\/wp\/v2\/product"}],"about":[{"href":"https:\/\/www.radiomarket.fi\/en\/wp-json\/wp\/v2\/types\/product"}],"wp:featuredmedia":[{"embeddable":true,"href":"https:\/\/www.radiomarket.fi\/en\/wp-json\/wp\/v2\/media\/45154"}],"wp:attachment":[{"href":"https:\/\/www.radiomarket.fi\/en\/wp-json\/wp\/v2\/media?parent=45153"}],"curies":[{"name":"wp","href":"https:\/\/api.w.org\/{rel}","templated":true}]}}