{"id":45181,"date":"2024-02-08T15:03:34","date_gmt":"2024-02-08T13:03:34","guid":{"rendered":"https:\/\/www.radiomarket.fi\/?post_type=product&#038;p=45181"},"modified":"2024-05-16T13:29:37","modified_gmt":"2024-05-16T10:29:37","slug":"ekum3207-telefunken-jubilate-201","status":"publish","type":"product","link":"https:\/\/www.radiomarket.fi\/en\/kohde\/ekum3207-telefunken-jubilate-201\/","title":{"rendered":"EKUM3207 Telefunken Jubilate 201"},"content":{"rendered":"<p>Telefunkenin pieni putkiradion n\u00e4k\u00f6inen transistoriradio. T\u00e4t\u00e4 on kuunneltu 6 tuntia 2\/2024 ja on toiminut ongelmitta. Taustalla kuuluu verkkohurina. Radion \u00e4\u00e4nenlaatu on muuten hyv\u00e4, mutta bassotaajuudet s\u00e4risev\u00e4t hieman jos radion taajuus ei ole aivan t\u00e4ysin kohdallaan. Radioon on vaihdettu p\u00e4\u00e4teasteeseen yksi elektrolyyttikondensaattori.<\/p>","protected":false},"excerpt":{"rendered":"<p>Telefunkenin pieni putkiradion n\u00e4k\u00f6inen transistoriradio. T\u00e4t\u00e4 on kuunneltu 6 tuntia 2\/2024 ja on toiminut ongelmitta. Taustalla kuuluu verkkohurina. Radion \u00e4\u00e4nenlaatu on muuten hyv\u00e4, mutta bassotaajuudet s\u00e4risev\u00e4t hieman jos radion taajuus ei ole aivan t\u00e4ysin kohdallaan. Radioon on vaihdettu p\u00e4\u00e4teasteeseen yksi elektrolyyttikondensaattori.<\/p>","protected":false},"featured_media":45262,"template":"","meta":[],"_links":{"self":[{"href":"https:\/\/www.radiomarket.fi\/en\/wp-json\/wp\/v2\/product\/45181"}],"collection":[{"href":"https:\/\/www.radiomarket.fi\/en\/wp-json\/wp\/v2\/product"}],"about":[{"href":"https:\/\/www.radiomarket.fi\/en\/wp-json\/wp\/v2\/types\/product"}],"wp:featuredmedia":[{"embeddable":true,"href":"https:\/\/www.radiomarket.fi\/en\/wp-json\/wp\/v2\/media\/45262"}],"wp:attachment":[{"href":"https:\/\/www.radiomarket.fi\/en\/wp-json\/wp\/v2\/media?parent=45181"}],"curies":[{"name":"wp","href":"https:\/\/api.w.org\/{rel}","templated":true}]}}