{"id":45285,"date":"2024-02-14T11:51:10","date_gmt":"2024-02-14T09:51:10","guid":{"rendered":"https:\/\/www.radiomarket.fi\/?post_type=product&#038;p=45285"},"modified":"2024-02-15T09:10:22","modified_gmt":"2024-02-15T07:10:22","slug":"ekum0590-telefunken-m5c-studiokelanauhuri-tulossa","status":"publish","type":"product","link":"https:\/\/www.radiomarket.fi\/en\/kohde\/ekum0590-telefunken-m5c-studiokelanauhuri-tulossa\/","title":{"rendered":"EKUM0590 Telefunken M5C studiokelanauhuri"},"content":{"rendered":"<p>YLE:n k\u00e4yt\u00f6st\u00e4 tullut avokelanauhuri py\u00f6r\u00e4jalustalla. Vain nouto tai kuljetus erikseen sovittuna rahtina.<\/p>","protected":false},"excerpt":{"rendered":"<p>YLE:n k\u00e4yt\u00f6st\u00e4 tullut avokelanauhuri py\u00f6r\u00e4jalustalla. Vain nouto tai kuljetus erikseen sovittuna rahtina.<\/p>","protected":false},"featured_media":45292,"template":"","meta":[],"_links":{"self":[{"href":"https:\/\/www.radiomarket.fi\/en\/wp-json\/wp\/v2\/product\/45285"}],"collection":[{"href":"https:\/\/www.radiomarket.fi\/en\/wp-json\/wp\/v2\/product"}],"about":[{"href":"https:\/\/www.radiomarket.fi\/en\/wp-json\/wp\/v2\/types\/product"}],"wp:featuredmedia":[{"embeddable":true,"href":"https:\/\/www.radiomarket.fi\/en\/wp-json\/wp\/v2\/media\/45292"}],"wp:attachment":[{"href":"https:\/\/www.radiomarket.fi\/en\/wp-json\/wp\/v2\/media?parent=45285"}],"curies":[{"name":"wp","href":"https:\/\/api.w.org\/{rel}","templated":true}]}}