{"id":45463,"date":"2024-02-25T21:27:13","date_gmt":"2024-02-25T19:27:13","guid":{"rendered":"https:\/\/www.radiomarket.fi\/?post_type=product&#038;p=45463"},"modified":"2026-01-24T20:11:06","modified_gmt":"2026-01-24T18:11:06","slug":"ekub0625-dayton-d-v-no-306-30-kg-vaaka-punnuksin","status":"publish","type":"product","link":"https:\/\/www.radiomarket.fi\/en\/kohde\/ekub0625-dayton-d-v-no-306-30-kg-vaaka-punnuksin\/","title":{"rendered":"EKUB0625 Dayton D.V.No.306 30 kg vaaka punnuksin"},"content":{"rendered":"<p>Kotimainen myym\u00e4l\u00e4vaaka 1960-luvulta. Myyj\u00e4puolen lasi puuttuu, muuten ehyen oloinen. Myyj\u00e4lle hinta-paino-asteikko. Noutohinta\u00a0 60,- koska t\u00e4m\u00e4 tuote on vaikea pakattava, mutta my\u00f6s tilattavissa toimitettuna normaaliin hintaan postikuluineen.\u00a0 T\u00e4ll\u00e4 vaa&#8217;alla kauppa jatkuu kun virta loppuu.\u00a0<\/p>","protected":false},"excerpt":{"rendered":"<p>Kotimainen myym\u00e4l\u00e4vaaka 1960-luvulta. Myyj\u00e4puolen lasi puuttuu, muuten ehyen oloinen. Myyj\u00e4lle hinta-paino-asteikko. Noutohinta\u00a0 60,- koska t\u00e4m\u00e4 tuote on vaikea pakattava, mutta my\u00f6s tilattavissa toimitettuna normaaliin hintaan postikuluineen.\u00a0 T\u00e4ll\u00e4 vaa&#8217;alla kauppa jatkuu kun virta loppuu.\u00a0<\/p>","protected":false},"featured_media":45467,"template":"","meta":[],"_links":{"self":[{"href":"https:\/\/www.radiomarket.fi\/en\/wp-json\/wp\/v2\/product\/45463"}],"collection":[{"href":"https:\/\/www.radiomarket.fi\/en\/wp-json\/wp\/v2\/product"}],"about":[{"href":"https:\/\/www.radiomarket.fi\/en\/wp-json\/wp\/v2\/types\/product"}],"wp:featuredmedia":[{"embeddable":true,"href":"https:\/\/www.radiomarket.fi\/en\/wp-json\/wp\/v2\/media\/45467"}],"wp:attachment":[{"href":"https:\/\/www.radiomarket.fi\/en\/wp-json\/wp\/v2\/media?parent=45463"}],"curies":[{"name":"wp","href":"https:\/\/api.w.org\/{rel}","templated":true}]}}