{"id":45505,"date":"2024-02-27T21:04:06","date_gmt":"2024-02-27T19:04:06","guid":{"rendered":"https:\/\/www.radiomarket.fi\/?post_type=product&#038;p=45505"},"modified":"2024-03-23T10:31:26","modified_gmt":"2024-03-23T08:31:26","slug":"ekun0094-philips-42-ohmia-125cm-halk-4-ohminen-kaiutinelementti","status":"publish","type":"product","link":"https:\/\/www.radiomarket.fi\/en\/kohde\/ekun0094-philips-42-ohmia-125cm-halk-4-ohminen-kaiutinelementti\/","title":{"rendered":"EKUN0094 Philips 4923958 4,2 ohmia 12,5cm halk. 4-ohminen kaiutinelementti"},"content":{"rendered":"<p>P\u00e4\u00e4s\u00e4\u00e4nt\u00f6isesti k\u00e4ytettyj\u00e4 kaiutinelementtej\u00e4. EKUA15, EKUM10, EKUM12, EKUM14, EKUM28, EKUS12 ja LARS03 -alkuisilla tuotenumeroilla olevat kaiutinelementit on testattu yleismittarilla ja otsikossa mainittu impedanssi on mitattu. Mitattu impedanssi saattaa poiketa kaiuttimeen merkityst\u00e4 kuvassa n\u00e4kyv\u00e4st\u00e4 impedanssista. Kaiutinelementtej\u00e4 ei ole soittotestattu. Otsikossa mainitut mitat ovat elementin \u00e4\u00e4rimittoja tai halkaisija, tai joissain tapauksissa kaiuttimen kiinnityslevyn mittoja.<\/p><p>Sopivuus malliin Fenno Olympia F221TV. Luultavasti sopii my\u00f6s malliin Philips BSF210U.<br \/><br \/>Mittojen puolesta sopii my\u00f6s radioon Fenno Sointu (EKUA9539) ja saattaa sopia my\u00f6s malleihin Fenno Jehu F212TV ja Philips 290U, koska ne ovat samalla koneistolla kuin em. Fenno Sointu.<\/p><p>&nbsp;<\/p><p>&nbsp;<\/p>","protected":false},"excerpt":{"rendered":"<p>P\u00e4\u00e4s\u00e4\u00e4nt\u00f6isesti k\u00e4ytettyj\u00e4 kaiutinelementtej\u00e4. EKUA15, EKUM10, EKUM12, EKUM14, EKUM28, EKUS12 ja LARS03 -alkuisilla tuotenumeroilla olevat kaiutinelementit on testattu yleismittarilla ja otsikossa mainittu impedanssi on mitattu. Mitattu impedanssi saattaa poiketa kaiuttimeen merkityst\u00e4 kuvassa n\u00e4kyv\u00e4st\u00e4 impedanssista. Kaiutinelementtej\u00e4 ei ole soittotestattu. Otsikossa mainitut mitat ovat elementin \u00e4\u00e4rimittoja tai halkaisija, tai joissain tapauksissa kaiuttimen kiinnityslevyn mittoja.Sopivuus malliin Fenno Olympia F221TV. &hellip;<\/p>\n<p class=\"read-more\"> <a class=\"thunk-readmore button\" href=\"https:\/\/www.radiomarket.fi\/en\/kohde\/ekun0094-philips-42-ohmia-125cm-halk-4-ohminen-kaiutinelementti\/\"> <span class=\"screen-reader-text\">EKUN0094 Philips 4923958 4,2 ohmia 12,5cm halk. 4-ohminen kaiutinelementti<\/span>Read More<\/a><\/p>","protected":false},"featured_media":45508,"template":"","meta":[],"_links":{"self":[{"href":"https:\/\/www.radiomarket.fi\/en\/wp-json\/wp\/v2\/product\/45505"}],"collection":[{"href":"https:\/\/www.radiomarket.fi\/en\/wp-json\/wp\/v2\/product"}],"about":[{"href":"https:\/\/www.radiomarket.fi\/en\/wp-json\/wp\/v2\/types\/product"}],"wp:featuredmedia":[{"embeddable":true,"href":"https:\/\/www.radiomarket.fi\/en\/wp-json\/wp\/v2\/media\/45508"}],"wp:attachment":[{"href":"https:\/\/www.radiomarket.fi\/en\/wp-json\/wp\/v2\/media?parent=45505"}],"curies":[{"name":"wp","href":"https:\/\/api.w.org\/{rel}","templated":true}]}}