{"id":45608,"date":"2025-07-06T13:21:43","date_gmt":"2025-07-06T10:21:43","guid":{"rendered":"https:\/\/www.radiomarket.fi\/?post_type=product&#038;p=45608"},"modified":"2025-12-11T17:52:57","modified_gmt":"2025-12-11T15:52:57","slug":"ekus0699-radiot-lehti-1-2024-tulossa","status":"publish","type":"product","link":"https:\/\/www.radiomarket.fi\/en\/kohde\/ekus0699-radiot-lehti-1-2024-tulossa\/","title":{"rendered":"EKUS0699 Radiot-lehti 1\/2024"},"content":{"rendered":"<p>Suomen Radiohistoriallinen Seura ry:n julkaisema SRHS-j\u00e4senlehti 1\/2024 (29.2.2024). Seuran j\u00e4senille lehdist\u00e4 50% j\u00e4senalennus, jos haluat j\u00e4senalennuksen, tilaa haluamasi numerot s\u00e4hk\u00f6postitse.<br \/><br \/><strong>T\u00e4ss\u00e4 numerossa:<\/strong><br \/><br \/>Finlux Karelia 1001 (Heikki Rinnemaa)<br \/>Kokouskutsu<br \/>P\u00e4\u00e4kirjoitus (Teppo Gustafsson)<br \/>Kokkolan s\u00e4hk\u00f6- ja elektroniikkalaitetuotanto (Heikki Marttila)<br \/>P\u00e4iv\u00e4lehden museo on nyt Merkki (Heikki Marttila)<br \/>BBC:n sodanaikaisista radioasemista Heikki Marttila)<br \/>Yleisradioasema Ahvenanmaalle (Heikki Marttila)<br \/>Kantoaaltolaitteista puhelintekniikassa (Janne Strang)<br \/>Paristoja 20-luvulla (Heikki Marttila)<br \/>Kirjat kertovat. Kirja Suomen akkutehtaista (Heikki Marttila)<br \/>Suomen Radiohistoriallinen Seura ry. Toimintasuunnitelma vuodelle 2024<br \/>Vastuksen sielunel\u00e4m\u00e4\u00e4 (Heikki Rinnemaa)<br \/>Takaisinkytkent\u00e4\u00e4 (Heikki Marttila)<br \/>Pet\u00e4j\u00e4veden museolla on kolmikymppisten vuoro<br \/>Suomen DX-Liitto (Risto V\u00e4h\u00e4kainu)<br \/>RTS<br \/>Sotilasradiop\u00e4iv\u00e4 2024<br \/>Miten Philips vaikutti suomalaiseen radioteollisuuteen<br \/>Fenno-Radion omistajana (Kauko Viitanen)<br \/><br \/><br \/>Varastosaldoon on laskettu uudet ja k\u00e4ytetyt lehdet. Uudet lehdet myyd\u00e4\u00e4n ensin.\u00a0<\/p>","protected":false},"excerpt":{"rendered":"<p>Loppuunmyydyksi merkittyjen lehtien yksitt\u00e4isist\u00e4 artikkeleista voi tiedustella kopioita tai skannauksia. Kirjetoimitusluokan tuotteita samaan tilaukseen yhdistett\u00e4ess\u00e4 lis\u00e4tuotteet nostavat perustoimituskulua vain joitakin kymmeni\u00e4 senttej\u00e4 (vuoden 2024 postin hinnoittelun mukaan).<\/p>","protected":false},"featured_media":45609,"template":"","meta":[],"_links":{"self":[{"href":"https:\/\/www.radiomarket.fi\/en\/wp-json\/wp\/v2\/product\/45608"}],"collection":[{"href":"https:\/\/www.radiomarket.fi\/en\/wp-json\/wp\/v2\/product"}],"about":[{"href":"https:\/\/www.radiomarket.fi\/en\/wp-json\/wp\/v2\/types\/product"}],"wp:featuredmedia":[{"embeddable":true,"href":"https:\/\/www.radiomarket.fi\/en\/wp-json\/wp\/v2\/media\/45609"}],"wp:attachment":[{"href":"https:\/\/www.radiomarket.fi\/en\/wp-json\/wp\/v2\/media?parent=45608"}],"curies":[{"name":"wp","href":"https:\/\/api.w.org\/{rel}","templated":true}]}}