{"id":45636,"date":"2025-10-07T10:50:36","date_gmt":"2025-10-07T07:50:36","guid":{"rendered":"https:\/\/www.radiomarket.fi\/?post_type=product&#038;p=45636"},"modified":"2025-10-07T10:58:54","modified_gmt":"2025-10-07T07:58:54","slug":"ekus1056-philips-b3sf72u","status":"publish","type":"product","link":"https:\/\/www.radiomarket.fi\/en\/kohde\/ekus1056-philips-b3sf72u\/","title":{"rendered":"EKUS1056 Philips B3SF72U ULA-Matti puretaan"},"content":{"rendered":"<p>Bakeliittikotelo haljennut ja uudelleen maalattu. Putket mukana. <br \/><br \/>Nuppisarja myyty varaosaksi kuvien ottamisen j\u00e4lkeen. Vasemmanpuoleisen pienemm\u00e4n nupin keski\u00f6 itse tehty.<\/p><p>Ei testattu eik\u00e4 tutkittu tarkemmin.<\/p>","protected":false},"excerpt":{"rendered":"<p>Suosittelemme putkiradioille s\u00e4rkyv\u00e4-lis\u00e4palvelua (ostettavissa erillisen\u00e4 tuotteena).<\/p>","protected":false},"featured_media":45641,"template":"","meta":[],"_links":{"self":[{"href":"https:\/\/www.radiomarket.fi\/en\/wp-json\/wp\/v2\/product\/45636"}],"collection":[{"href":"https:\/\/www.radiomarket.fi\/en\/wp-json\/wp\/v2\/product"}],"about":[{"href":"https:\/\/www.radiomarket.fi\/en\/wp-json\/wp\/v2\/types\/product"}],"wp:featuredmedia":[{"embeddable":true,"href":"https:\/\/www.radiomarket.fi\/en\/wp-json\/wp\/v2\/media\/45641"}],"wp:attachment":[{"href":"https:\/\/www.radiomarket.fi\/en\/wp-json\/wp\/v2\/media?parent=45636"}],"curies":[{"name":"wp","href":"https:\/\/api.w.org\/{rel}","templated":true}]}}