{"id":45718,"date":"2024-03-13T19:30:01","date_gmt":"2024-03-13T17:30:01","guid":{"rendered":"https:\/\/www.radiomarket.fi\/?post_type=product&#038;p=45718"},"modified":"2025-07-03T17:05:13","modified_gmt":"2025-07-03T14:05:13","slug":"ekus1059-mende-ms202w-kuva-tulossa","status":"publish","type":"product","link":"https:\/\/www.radiomarket.fi\/en\/kohde\/ekus1059-mende-ms202w-kuva-tulossa\/","title":{"rendered":"EKUS1059 Mende MS202W KUVA TULOSSA"},"content":{"rendered":"<p>Myyd\u00e4\u00e4n kokonaisuutena t\u00e4h\u00e4n hintaan tai osina. Tilaa yksitt\u00e4inen varaosa s\u00e4hk\u00f6postilla. Katso my\u00f6s EKUS0255.<\/p><p>T\u00e4st\u00e4 voidaan luopua, sill\u00e4 museokokoelmasta l\u00f6ytyy jo vastaava radio vaalealla asteikolla luettelointinumerolla KIHA0006.<\/p><p><br \/><strong>Ainakin seuraavat osat puuttuvat, rikki tai purettu:<\/strong><br \/><br \/>-takalevy puuttuu<br \/><br \/>Luetteloitu kuvien perusteella. Ei tutkittu tarkemmin, varmistathan tietojen oikeellisuuden myyj\u00e4lt\u00e4.<\/p>","protected":false},"excerpt":{"rendered":"<p>Suosittelemme putkiradioille s\u00e4rkyv\u00e4-lis\u00e4palvelua (ostettavissa erillisen\u00e4 tuotteena).<\/p>","protected":false},"featured_media":43488,"template":"","meta":[],"_links":{"self":[{"href":"https:\/\/www.radiomarket.fi\/en\/wp-json\/wp\/v2\/product\/45718"}],"collection":[{"href":"https:\/\/www.radiomarket.fi\/en\/wp-json\/wp\/v2\/product"}],"about":[{"href":"https:\/\/www.radiomarket.fi\/en\/wp-json\/wp\/v2\/types\/product"}],"wp:featuredmedia":[{"embeddable":true,"href":"https:\/\/www.radiomarket.fi\/en\/wp-json\/wp\/v2\/media\/43488"}],"wp:attachment":[{"href":"https:\/\/www.radiomarket.fi\/en\/wp-json\/wp\/v2\/media?parent=45718"}],"curies":[{"name":"wp","href":"https:\/\/api.w.org\/{rel}","templated":true}]}}