{"id":45788,"date":"2024-03-20T18:39:37","date_gmt":"2024-03-20T16:39:37","guid":{"rendered":"https:\/\/www.radiomarket.fi\/?post_type=product&#038;p=45788"},"modified":"2024-03-20T18:46:05","modified_gmt":"2024-03-20T16:46:05","slug":"ekub0646-1-ml-laakeruisku-nos","status":"publish","type":"product","link":"https:\/\/www.radiomarket.fi\/en\/kohde\/ekub0646-1-ml-laakeruisku-nos\/","title":{"rendered":"EKUB0646 1 ml l\u00e4\u00e4keruisku NOS"},"content":{"rendered":"<p>Steriilisti pakattu injektioruisku. Neula kiinni ruiskuun ja \u00f6ljy\u00e4 suojakumien l\u00e4pi laakereihin.<\/p>","protected":false},"excerpt":{"rendered":"<p>Kirjetoimitustuotteita kannattaa ostaa kerralla useampikin, lis\u00e4tuote lis\u00e4\u00e4 postikuluja vain noin kymmenell\u00e4 sentill\u00e4. (3\/2024 postimaksuilla).<\/p>","protected":false},"featured_media":45790,"template":"","meta":[],"_links":{"self":[{"href":"https:\/\/www.radiomarket.fi\/en\/wp-json\/wp\/v2\/product\/45788"}],"collection":[{"href":"https:\/\/www.radiomarket.fi\/en\/wp-json\/wp\/v2\/product"}],"about":[{"href":"https:\/\/www.radiomarket.fi\/en\/wp-json\/wp\/v2\/types\/product"}],"wp:featuredmedia":[{"embeddable":true,"href":"https:\/\/www.radiomarket.fi\/en\/wp-json\/wp\/v2\/media\/45790"}],"wp:attachment":[{"href":"https:\/\/www.radiomarket.fi\/en\/wp-json\/wp\/v2\/media?parent=45788"}],"curies":[{"name":"wp","href":"https:\/\/api.w.org\/{rel}","templated":true}]}}