{"id":45804,"date":"2024-04-24T18:24:10","date_gmt":"2024-04-24T15:24:10","guid":{"rendered":"https:\/\/www.radiomarket.fi\/?post_type=product&#038;p=45804"},"modified":"2024-05-08T13:01:10","modified_gmt":"2024-05-08T10:01:10","slug":"ekum3217-philips-b5sf72a","status":"publish","type":"product","link":"https:\/\/www.radiomarket.fi\/en\/kohde\/ekum3217-philips-b5sf72a\/","title":{"rendered":"EKUM3217 Philips B5SF72A Novosonic puretaan"},"content":{"rendered":"<p>Lastulevykotelo, asteikko lasia, kaiuttimen edess\u00e4 kangas, nupit bakeliittia. Kaiutin edess\u00e4 ylh\u00e4\u00e4ll\u00e4, asteikko sen alapuolella. Asteikon pohjav\u00e4ri musta, pystyasteikko. Asteikon molemmin puolin kierrett\u00e4v\u00e4 musta\/kultainen nuppi, alla kuusi vaaleaa painettavaa nappia. Kaiuttimen keskell\u00e4 virityssilm\u00e4n paikka ja punaisella laatalla Novo sonic. Kultainen ohut koristelista kiert\u00e4\u00e4 etulevyn ymp\u00e4ri, alareunassa Philips-logo. LV 700-1800, MV 200-550, KV 10-50, UKV 87,5-100.<\/p><p>T\u00e4m\u00e4 kyseinen radio on koteloltaan huonokuntoinen. Kotelon pinta on huono ja liimaus pett\u00e4nyt. Kankaasta myyty varaosaksi Philipsin kookas vaakunalogo (samaa k\u00e4ytetty my\u00f6s mallissa Philips B5SF62A). Putket poistettu kuvien oton j\u00e4lkeen. Toisen pikkunupin messinginv\u00e4rinen koristeosa puuttuu. Myyd\u00e4\u00e4n kokonaisuutena ilman putkia t\u00e4h\u00e4n hintaan tai puretaan varaosiksi.<\/p><p>T\u00e4st\u00e4 voidaan luopua, sill\u00e4 museokokoelmassa on vastaava siistikuntoinen laite luettelointinumerolla RAPM0982. Fenno-merkill\u00e4 vastaava radio on Fenno Seura F275V, mutta ainakin koteloinnissa saattaa olla eroja.<\/p><p>Ei tutkittu tarkemmin. Katso my\u00f6s EKUM3215 ja EKUM3216.<\/p><p>&nbsp;<\/p>","protected":false},"excerpt":{"rendered":"<p>Suosittelemme putkiradioille s\u00e4rkyv\u00e4-lis\u00e4palvelua (ostettavissa erillisen\u00e4 tuotteena).<\/p>","protected":false},"featured_media":46476,"template":"","meta":[],"_links":{"self":[{"href":"https:\/\/www.radiomarket.fi\/en\/wp-json\/wp\/v2\/product\/45804"}],"collection":[{"href":"https:\/\/www.radiomarket.fi\/en\/wp-json\/wp\/v2\/product"}],"about":[{"href":"https:\/\/www.radiomarket.fi\/en\/wp-json\/wp\/v2\/types\/product"}],"wp:featuredmedia":[{"embeddable":true,"href":"https:\/\/www.radiomarket.fi\/en\/wp-json\/wp\/v2\/media\/46476"}],"wp:attachment":[{"href":"https:\/\/www.radiomarket.fi\/en\/wp-json\/wp\/v2\/media?parent=45804"}],"curies":[{"name":"wp","href":"https:\/\/api.w.org\/{rel}","templated":true}]}}