{"id":45836,"date":"2024-03-25T09:49:30","date_gmt":"2024-03-25T07:49:30","guid":{"rendered":"https:\/\/www.radiomarket.fi\/?post_type=product&#038;p=45836"},"modified":"2024-03-25T10:12:02","modified_gmt":"2024-03-25T08:12:02","slug":"ekun0093-autoantenni-car-antenna","status":"publish","type":"product","link":"https:\/\/www.radiomarket.fi\/en\/kohde\/ekun0093-autoantenni-car-antenna\/","title":{"rendered":"EKUN0093 autoantenni 136cm car antenna"},"content":{"rendered":"<p>Piiska-antenni autoon, mittaa kokonaisuudella hieman yli 140 cm. Mitattu 136cm on mitta pelti\u00e4 vasten tulevasta jalasta. Antennin huipussa s\u00e4\u00e4dett\u00e4v\u00e4 osa.<\/p><p>&nbsp;<\/p><p>&nbsp;<\/p>","protected":false},"excerpt":{"rendered":"<p>Piiska-antenni autoon, mittaa kokonaisuudella hieman yli 140 cm. Mitattu 136cm on mitta pelti\u00e4 vasten tulevasta jalasta. Antennin huipussa s\u00e4\u00e4dett\u00e4v\u00e4 osa.&nbsp;&nbsp;<\/p>","protected":false},"featured_media":45839,"template":"","meta":[],"_links":{"self":[{"href":"https:\/\/www.radiomarket.fi\/en\/wp-json\/wp\/v2\/product\/45836"}],"collection":[{"href":"https:\/\/www.radiomarket.fi\/en\/wp-json\/wp\/v2\/product"}],"about":[{"href":"https:\/\/www.radiomarket.fi\/en\/wp-json\/wp\/v2\/types\/product"}],"wp:featuredmedia":[{"embeddable":true,"href":"https:\/\/www.radiomarket.fi\/en\/wp-json\/wp\/v2\/media\/45839"}],"wp:attachment":[{"href":"https:\/\/www.radiomarket.fi\/en\/wp-json\/wp\/v2\/media?parent=45836"}],"curies":[{"name":"wp","href":"https:\/\/api.w.org\/{rel}","templated":true}]}}