{"id":45882,"date":"2024-03-27T16:42:11","date_gmt":"2024-03-27T14:42:11","guid":{"rendered":"https:\/\/www.radiomarket.fi\/?post_type=product&#038;p=45882"},"modified":"2026-04-14T15:22:35","modified_gmt":"2026-04-14T12:22:35","slug":"ekub0654-se88-5-spy-radio-morse-key-for-trade-tulossa","status":"publish","type":"product","link":"https:\/\/www.radiomarket.fi\/en\/kohde\/ekub0654-se88-5-spy-radio-morse-key-for-trade-tulossa\/","title":{"rendered":"EKUB0654 SE88\/5 spy radio morse key for trade"},"content":{"rendered":"<p>Tai sitten ostamme vakoojaradion SE88\/5 museon kokoelmaan. T\u00e4m\u00e4 esine voidaan vaihtaa museoitavaan toimivaan esineeseen. Esimerkiksi: Nema, Belka, Welrod Silenced. Pyynn\u00f6st\u00e4 lis\u00e4\u00e4 kuvia. S\u00e4hk\u00f6tysavain.<\/p>","protected":false},"excerpt":{"rendered":"<p>Tai sitten ostamme vakoojaradion SE88\/5 museon kokoelmaan. T\u00e4m\u00e4 esine voidaan vaihtaa museoitavaan toimivaan esineeseen. Esimerkiksi: Nema, Belka, Welrod Silenced. Pyynn\u00f6st\u00e4 lis\u00e4\u00e4 kuvia. S\u00e4hk\u00f6tysavain.<\/p>","protected":false},"featured_media":45898,"template":"","meta":[],"_links":{"self":[{"href":"https:\/\/www.radiomarket.fi\/en\/wp-json\/wp\/v2\/product\/45882"}],"collection":[{"href":"https:\/\/www.radiomarket.fi\/en\/wp-json\/wp\/v2\/product"}],"about":[{"href":"https:\/\/www.radiomarket.fi\/en\/wp-json\/wp\/v2\/types\/product"}],"wp:featuredmedia":[{"embeddable":true,"href":"https:\/\/www.radiomarket.fi\/en\/wp-json\/wp\/v2\/media\/45898"}],"wp:attachment":[{"href":"https:\/\/www.radiomarket.fi\/en\/wp-json\/wp\/v2\/media?parent=45882"}],"curies":[{"name":"wp","href":"https:\/\/api.w.org\/{rel}","templated":true}]}}