{"id":45883,"date":"2024-03-27T16:51:22","date_gmt":"2024-03-27T14:51:22","guid":{"rendered":"https:\/\/www.radiomarket.fi\/?post_type=product&#038;p=45883"},"modified":"2024-03-30T09:23:53","modified_gmt":"2024-03-30T07:23:53","slug":"ekum0599-kasikranaatin-kahva-tulossa","status":"publish","type":"product","link":"https:\/\/www.radiomarket.fi\/en\/kohde\/ekum0599-kasikranaatin-kahva-tulossa\/","title":{"rendered":"EKUM0599 k\u00e4sikranaatin kahva JVA-1643"},"content":{"rendered":"<p>Tarpeellinen. Ilman t\u00e4t\u00e4 sinulla on noin viisi sekuntia aikaa hankkiutua eroon kranaatistasi.<\/p>","protected":false},"excerpt":{"rendered":"<p>Tarpeellinen. Ilman t\u00e4t\u00e4 sinulla on noin viisi sekuntia aikaa hankkiutua eroon kranaatistasi.<\/p>","protected":false},"featured_media":45893,"template":"","meta":[],"_links":{"self":[{"href":"https:\/\/www.radiomarket.fi\/en\/wp-json\/wp\/v2\/product\/45883"}],"collection":[{"href":"https:\/\/www.radiomarket.fi\/en\/wp-json\/wp\/v2\/product"}],"about":[{"href":"https:\/\/www.radiomarket.fi\/en\/wp-json\/wp\/v2\/types\/product"}],"wp:featuredmedia":[{"embeddable":true,"href":"https:\/\/www.radiomarket.fi\/en\/wp-json\/wp\/v2\/media\/45893"}],"wp:attachment":[{"href":"https:\/\/www.radiomarket.fi\/en\/wp-json\/wp\/v2\/media?parent=45883"}],"curies":[{"name":"wp","href":"https:\/\/api.w.org\/{rel}","templated":true}]}}