{"id":45945,"date":"2024-04-05T18:29:59","date_gmt":"2024-04-05T15:29:59","guid":{"rendered":"https:\/\/www.radiomarket.fi\/?post_type=product&#038;p=45945"},"modified":"2025-05-28T09:35:52","modified_gmt":"2025-05-28T06:35:52","slug":"ekub0658-nissan-navara-cup-40342-c6001-nos","status":"publish","type":"product","link":"https:\/\/www.radiomarket.fi\/en\/kohde\/ekub0658-nissan-navara-cup-40342-c6001-nos\/","title":{"rendered":"EKUB0658 Nissan Terrano Navara cup 40342-C6001 NOS"},"content":{"rendered":"<p>Nissan nelivedon etupy\u00f6r\u00e4n keskikuppi. K\u00e4ytt\u00e4m\u00e4t\u00f6n, sopii Nissan King Cap ym. kuusipulttisiin ter\u00e4svanteisiin. Hinta yhdelt\u00e4.<\/p>","protected":false},"excerpt":{"rendered":"<p>Nissan nelivedon etupy\u00f6r\u00e4n keskikuppi. K\u00e4ytt\u00e4m\u00e4t\u00f6n, sopii Nissan King Cap ym. kuusipulttisiin ter\u00e4svanteisiin. Hinta yhdelt\u00e4.<\/p>","protected":false},"featured_media":45946,"template":"","meta":[],"_links":{"self":[{"href":"https:\/\/www.radiomarket.fi\/en\/wp-json\/wp\/v2\/product\/45945"}],"collection":[{"href":"https:\/\/www.radiomarket.fi\/en\/wp-json\/wp\/v2\/product"}],"about":[{"href":"https:\/\/www.radiomarket.fi\/en\/wp-json\/wp\/v2\/types\/product"}],"wp:featuredmedia":[{"embeddable":true,"href":"https:\/\/www.radiomarket.fi\/en\/wp-json\/wp\/v2\/media\/45946"}],"wp:attachment":[{"href":"https:\/\/www.radiomarket.fi\/en\/wp-json\/wp\/v2\/media?parent=45945"}],"curies":[{"name":"wp","href":"https:\/\/api.w.org\/{rel}","templated":true}]}}