{"id":45963,"date":"2024-04-06T15:21:10","date_gmt":"2024-04-06T12:21:10","guid":{"rendered":"https:\/\/www.radiomarket.fi\/?post_type=product&#038;p=45963"},"modified":"2024-04-06T15:41:43","modified_gmt":"2024-04-06T12:41:43","slug":"ekum3223-philips-456a","status":"publish","type":"product","link":"https:\/\/www.radiomarket.fi\/en\/kohde\/ekum3223-philips-456a\/","title":{"rendered":"EKUM3223 Philips 456A"},"content":{"rendered":"<p>Saksalaisvalmisteinen radio 1930-luvulta. Ruskea puukotelo, kaiuttimen edess\u00e4 vaalea kangas, nupit ruskeaa bakeliittia. Kaiutin keskell\u00e4, k\u00e4\u00e4ntyv\u00e4 bakeliittikoteloitu asteikko sen yl\u00e4puolella pystyss\u00e4. Kaksi kierrett\u00e4v\u00e4\u00e4 nuppia kaiuttimen alla. Kaksi vaakasuoraa metallilistaa kaiuttimen edess\u00e4. Asteikon pohjav\u00e4ri musta. Vaaka-asteikko.<\/p><p>T\u00e4st\u00e4 esineest\u00e4 voidaan luopua, sill\u00e4 museokokoelmassa on siistimpi vastaava esine luettelointinumerolla AARI0035. Esineeseen maalattu aiempi luettelointinumero RAPM0038. Pintavikoja. Ei tutkittu tarkemmin.<\/p><p>#30-luku<\/p><p>&nbsp;<\/p>","protected":false},"excerpt":{"rendered":"<p>Suosittelemme putkiradioille s\u00e4rkyv\u00e4-lis\u00e4palvelua (ostettavissa erillisen\u00e4 tuotteena).<\/p>","protected":false},"featured_media":45965,"template":"","meta":[],"_links":{"self":[{"href":"https:\/\/www.radiomarket.fi\/en\/wp-json\/wp\/v2\/product\/45963"}],"collection":[{"href":"https:\/\/www.radiomarket.fi\/en\/wp-json\/wp\/v2\/product"}],"about":[{"href":"https:\/\/www.radiomarket.fi\/en\/wp-json\/wp\/v2\/types\/product"}],"wp:featuredmedia":[{"embeddable":true,"href":"https:\/\/www.radiomarket.fi\/en\/wp-json\/wp\/v2\/media\/45965"}],"wp:attachment":[{"href":"https:\/\/www.radiomarket.fi\/en\/wp-json\/wp\/v2\/media?parent=45963"}],"curies":[{"name":"wp","href":"https:\/\/api.w.org\/{rel}","templated":true}]}}