{"id":46030,"date":"2024-04-08T10:55:51","date_gmt":"2024-04-08T07:55:51","guid":{"rendered":"https:\/\/www.radiomarket.fi\/?post_type=product&#038;p=46030"},"modified":"2024-04-08T11:01:19","modified_gmt":"2024-04-08T08:01:19","slug":"ekub0665-rj-11-jatkoadapteri","status":"publish","type":"product","link":"https:\/\/www.radiomarket.fi\/en\/kohde\/ekub0665-rj-11-jatkoadapteri\/","title":{"rendered":"EKUB0665 RJ-11 jatkoadapteri"},"content":{"rendered":"<p>Puhelinvastaajapistoke RJ11-liit\u00e4nn\u00e4ll\u00e4. Puhelinjatkopistoke. Modeemipistoke.<\/p>","protected":false},"excerpt":{"rendered":"<p>Puhelinvastaajapistoke RJ11-liit\u00e4nn\u00e4ll\u00e4. Puhelinjatkopistoke. Modeemipistoke.<\/p>","protected":false},"featured_media":46032,"template":"","meta":[],"_links":{"self":[{"href":"https:\/\/www.radiomarket.fi\/en\/wp-json\/wp\/v2\/product\/46030"}],"collection":[{"href":"https:\/\/www.radiomarket.fi\/en\/wp-json\/wp\/v2\/product"}],"about":[{"href":"https:\/\/www.radiomarket.fi\/en\/wp-json\/wp\/v2\/types\/product"}],"wp:featuredmedia":[{"embeddable":true,"href":"https:\/\/www.radiomarket.fi\/en\/wp-json\/wp\/v2\/media\/46032"}],"wp:attachment":[{"href":"https:\/\/www.radiomarket.fi\/en\/wp-json\/wp\/v2\/media?parent=46030"}],"curies":[{"name":"wp","href":"https:\/\/api.w.org\/{rel}","templated":true}]}}