{"id":46033,"date":"2024-04-08T13:52:20","date_gmt":"2024-04-08T10:52:20","guid":{"rendered":"https:\/\/www.radiomarket.fi\/?post_type=product&#038;p=46033"},"modified":"2024-04-14T15:23:07","modified_gmt":"2024-04-14T12:23:07","slug":"ekub0667-esmi-oviliikennevalo-seinarasia","status":"publish","type":"product","link":"https:\/\/www.radiomarket.fi\/en\/kohde\/ekub0667-esmi-oviliikennevalo-seinarasia\/","title":{"rendered":"EKUB0667 Esmi oviliikennevalo sein\u00e4rasia"},"content":{"rendered":"<p>Puhelimen alle tulevan oviliikennevalo-ohjaimen liit\u00e4nt\u00e4rasia. K\u00e4yt\u00f6st\u00e4 purettu.<\/p>","protected":false},"excerpt":{"rendered":"<p>Puhelimen alle tulevan oviliikennevalo-ohjaimen liit\u00e4nt\u00e4rasia. K\u00e4yt\u00f6st\u00e4 purettu.<\/p>","protected":false},"featured_media":46034,"template":"","meta":[],"_links":{"self":[{"href":"https:\/\/www.radiomarket.fi\/en\/wp-json\/wp\/v2\/product\/46033"}],"collection":[{"href":"https:\/\/www.radiomarket.fi\/en\/wp-json\/wp\/v2\/product"}],"about":[{"href":"https:\/\/www.radiomarket.fi\/en\/wp-json\/wp\/v2\/types\/product"}],"wp:featuredmedia":[{"embeddable":true,"href":"https:\/\/www.radiomarket.fi\/en\/wp-json\/wp\/v2\/media\/46034"}],"wp:attachment":[{"href":"https:\/\/www.radiomarket.fi\/en\/wp-json\/wp\/v2\/media?parent=46033"}],"curies":[{"name":"wp","href":"https:\/\/api.w.org\/{rel}","templated":true}]}}