{"id":46035,"date":"2024-04-08T14:06:20","date_gmt":"2024-04-08T11:06:20","guid":{"rendered":"https:\/\/www.radiomarket.fi\/?post_type=product&#038;p=46035"},"modified":"2024-04-14T15:19:50","modified_gmt":"2024-04-14T12:19:50","slug":"ekub0668-sisapuhelimen-liitantarasia","status":"publish","type":"product","link":"https:\/\/www.radiomarket.fi\/en\/kohde\/ekub0668-sisapuhelimen-liitantarasia\/","title":{"rendered":"EKUB0668 Sis\u00e4puhelimen liit\u00e4nt\u00e4rasia"},"content":{"rendered":"<p>Tuntematon pikapuhelinrasia pistorasia liit\u00e4nt\u00e4rasia. Mahdollisesti Teleste LM-13, jota on k\u00e4ytetty samassa kiinteist\u00f6ss\u00e4. K\u00e4yt\u00f6st\u00e4 purettu.<\/p>","protected":false},"excerpt":{"rendered":"<p>Tuntematon pikapuhelinrasia pistorasia liit\u00e4nt\u00e4rasia. Mahdollisesti Teleste LM-13, jota on k\u00e4ytetty samassa kiinteist\u00f6ss\u00e4. K\u00e4yt\u00f6st\u00e4 purettu.<\/p>","protected":false},"featured_media":46036,"template":"","meta":[],"_links":{"self":[{"href":"https:\/\/www.radiomarket.fi\/en\/wp-json\/wp\/v2\/product\/46035"}],"collection":[{"href":"https:\/\/www.radiomarket.fi\/en\/wp-json\/wp\/v2\/product"}],"about":[{"href":"https:\/\/www.radiomarket.fi\/en\/wp-json\/wp\/v2\/types\/product"}],"wp:featuredmedia":[{"embeddable":true,"href":"https:\/\/www.radiomarket.fi\/en\/wp-json\/wp\/v2\/media\/46036"}],"wp:attachment":[{"href":"https:\/\/www.radiomarket.fi\/en\/wp-json\/wp\/v2\/media?parent=46035"}],"curies":[{"name":"wp","href":"https:\/\/api.w.org\/{rel}","templated":true}]}}