{"id":46037,"date":"2024-04-08T14:12:39","date_gmt":"2024-04-08T11:12:39","guid":{"rendered":"https:\/\/www.radiomarket.fi\/?post_type=product&#038;p=46037"},"modified":"2024-12-09T20:08:34","modified_gmt":"2024-12-09T18:08:34","slug":"ekub0669-at-puhelimen-puhelinpistorasia","status":"publish","type":"product","link":"https:\/\/www.radiomarket.fi\/en\/kohde\/ekub0669-at-puhelimen-puhelinpistorasia\/","title":{"rendered":"EKUB0669 AT-puhelimen puhelinpistorasia"},"content":{"rendered":"<p>\u00a0K\u00e4yt\u00f6st\u00e4 purettu, kunto vaihtelee, useimmissa kolo pinta-asennusjohtoa varten.<\/p>","protected":false},"excerpt":{"rendered":"<p>Kirjetoimitustuotteita kannattaa tilata kerralla useampiakin, lis\u00e4tuote nostaa postikuluja vain noin 10 snt\/tuote 4\/2024 tilanteen mukaan.<\/p>","protected":false},"featured_media":46038,"template":"","meta":[],"_links":{"self":[{"href":"https:\/\/www.radiomarket.fi\/en\/wp-json\/wp\/v2\/product\/46037"}],"collection":[{"href":"https:\/\/www.radiomarket.fi\/en\/wp-json\/wp\/v2\/product"}],"about":[{"href":"https:\/\/www.radiomarket.fi\/en\/wp-json\/wp\/v2\/types\/product"}],"wp:featuredmedia":[{"embeddable":true,"href":"https:\/\/www.radiomarket.fi\/en\/wp-json\/wp\/v2\/media\/46038"}],"wp:attachment":[{"href":"https:\/\/www.radiomarket.fi\/en\/wp-json\/wp\/v2\/media?parent=46037"}],"curies":[{"name":"wp","href":"https:\/\/api.w.org\/{rel}","templated":true}]}}