{"id":46044,"date":"2024-04-08T14:43:23","date_gmt":"2024-04-08T11:43:23","guid":{"rendered":"https:\/\/www.radiomarket.fi\/?post_type=product&#038;p=46044"},"modified":"2024-04-08T14:46:59","modified_gmt":"2024-04-08T11:46:59","slug":"ekub0671-kores-thermo-cop-lampokopiokoneen-paperi","status":"publish","type":"product","link":"https:\/\/www.radiomarket.fi\/en\/kohde\/ekub0671-kores-thermo-cop-lampokopiokoneen-paperi\/","title":{"rendered":"EKUB0671 Kores Thermo Cop l\u00e4mp\u00f6kopiokoneen paperi"},"content":{"rendered":"<p>\u00a0Avattu pakkaus, kymmeni\u00e4 arkkeja j\u00e4ljell\u00e4. Toimivuus tuntematon.<\/p>","protected":false},"excerpt":{"rendered":"<p>Kirjetoimitustuotteita kannattaa tilata kerralla useampiakin, lis\u00e4tuote nostaa postikuluja vain noin 10 snt\/tuote 4\/2024 tilanteen mukaan.<\/p>","protected":false},"featured_media":46045,"template":"","meta":[],"_links":{"self":[{"href":"https:\/\/www.radiomarket.fi\/en\/wp-json\/wp\/v2\/product\/46044"}],"collection":[{"href":"https:\/\/www.radiomarket.fi\/en\/wp-json\/wp\/v2\/product"}],"about":[{"href":"https:\/\/www.radiomarket.fi\/en\/wp-json\/wp\/v2\/types\/product"}],"wp:featuredmedia":[{"embeddable":true,"href":"https:\/\/www.radiomarket.fi\/en\/wp-json\/wp\/v2\/media\/46045"}],"wp:attachment":[{"href":"https:\/\/www.radiomarket.fi\/en\/wp-json\/wp\/v2\/media?parent=46044"}],"curies":[{"name":"wp","href":"https:\/\/api.w.org\/{rel}","templated":true}]}}