{"id":46084,"date":"2024-04-11T08:39:03","date_gmt":"2024-04-11T05:39:03","guid":{"rendered":"https:\/\/www.radiomarket.fi\/?post_type=product&#038;p=46084"},"modified":"2024-04-11T08:48:59","modified_gmt":"2024-04-11T05:48:59","slug":"ekum3230-salora-futura","status":"publish","type":"product","link":"https:\/\/www.radiomarket.fi\/en\/kohde\/ekum3230-salora-futura\/","title":{"rendered":"EKUM3230 Salora Futura"},"content":{"rendered":"<p>Aikakautensa futurismia edustava kulttilaite. Asteikon p\u00e4\u00e4ll\u00e4 oleva l\u00e4pin\u00e4kyv\u00e4 levy on ollut alunperin kirkas, mutta tummuu UV-s\u00e4teilyn vaikutuksesta. Mustempiakin yksil\u00f6it\u00e4 on n\u00e4hty. Kotelon pinta halkeillut. Naarmuja painonappien vieress\u00e4 pleksiss\u00e4. Virta tulee, \u00e4\u00e4nest\u00e4 bassot hukassa, testattu 2023. Ei tutkittu tarkemmin.<\/p><p>T\u00e4st\u00e4 voidaan luopua, sill\u00e4 museokokoelmassa on vastaavankuntoinen laite.<\/p><p>&nbsp;<\/p>","protected":false},"excerpt":{"rendered":"<p>Aikakautensa futurismia edustava kulttilaite. Asteikon p\u00e4\u00e4ll\u00e4 oleva l\u00e4pin\u00e4kyv\u00e4 levy on ollut alunperin kirkas, mutta tummuu UV-s\u00e4teilyn vaikutuksesta. Mustempiakin yksil\u00f6it\u00e4 on n\u00e4hty. Kotelon pinta halkeillut. Naarmuja painonappien vieress\u00e4 pleksiss\u00e4. Virta tulee, \u00e4\u00e4nest\u00e4 bassot hukassa, testattu 2023. Ei tutkittu tarkemmin.T\u00e4st\u00e4 voidaan luopua, sill\u00e4 museokokoelmassa on vastaavankuntoinen laite.&nbsp;<\/p>","protected":false},"featured_media":46095,"template":"","meta":[],"_links":{"self":[{"href":"https:\/\/www.radiomarket.fi\/en\/wp-json\/wp\/v2\/product\/46084"}],"collection":[{"href":"https:\/\/www.radiomarket.fi\/en\/wp-json\/wp\/v2\/product"}],"about":[{"href":"https:\/\/www.radiomarket.fi\/en\/wp-json\/wp\/v2\/types\/product"}],"wp:featuredmedia":[{"embeddable":true,"href":"https:\/\/www.radiomarket.fi\/en\/wp-json\/wp\/v2\/media\/46095"}],"wp:attachment":[{"href":"https:\/\/www.radiomarket.fi\/en\/wp-json\/wp\/v2\/media?parent=46084"}],"curies":[{"name":"wp","href":"https:\/\/api.w.org\/{rel}","templated":true}]}}