{"id":46113,"date":"2024-04-12T10:57:31","date_gmt":"2024-04-12T07:57:31","guid":{"rendered":"https:\/\/www.radiomarket.fi\/?post_type=product&#038;p=46113"},"modified":"2024-04-12T11:09:53","modified_gmt":"2024-04-12T08:09:53","slug":"ekum3229-luxor-carina-etsitaan-tietoja","status":"publish","type":"product","link":"https:\/\/www.radiomarket.fi\/en\/kohde\/ekum3229-luxor-carina-etsitaan-tietoja\/","title":{"rendered":"EKUM3229 Luxor Carina 23361 ETSIT\u00c4\u00c4N TIETOJA"},"content":{"rendered":"<p>Ensisijaisesti etsimme tietoja t\u00e4st\u00e4 laitteesta ja sen valmistusmaasta. Kohde saatetaan museoida, mutta sen realisointia voidaan my\u00f6s harkita.<\/p><p>&nbsp;<\/p>","protected":false},"excerpt":{"rendered":"<p>Ensisijaisesti etsimme tietoja t\u00e4st\u00e4 laitteesta ja sen valmistusmaasta. Kohde saatetaan museoida, mutta sen realisointia voidaan my\u00f6s harkita.&nbsp;<\/p>","protected":false},"featured_media":46116,"template":"","meta":[],"_links":{"self":[{"href":"https:\/\/www.radiomarket.fi\/en\/wp-json\/wp\/v2\/product\/46113"}],"collection":[{"href":"https:\/\/www.radiomarket.fi\/en\/wp-json\/wp\/v2\/product"}],"about":[{"href":"https:\/\/www.radiomarket.fi\/en\/wp-json\/wp\/v2\/types\/product"}],"wp:featuredmedia":[{"embeddable":true,"href":"https:\/\/www.radiomarket.fi\/en\/wp-json\/wp\/v2\/media\/46116"}],"wp:attachment":[{"href":"https:\/\/www.radiomarket.fi\/en\/wp-json\/wp\/v2\/media?parent=46113"}],"curies":[{"name":"wp","href":"https:\/\/api.w.org\/{rel}","templated":true}]}}