{"id":46130,"date":"2024-04-12T22:57:35","date_gmt":"2024-04-12T19:57:35","guid":{"rendered":"https:\/\/www.radiomarket.fi\/?post_type=product&#038;p=46130"},"modified":"2024-04-14T15:50:37","modified_gmt":"2024-04-14T12:50:37","slug":"ekub0673-autoantennijalka-nos","status":"publish","type":"product","link":"https:\/\/www.radiomarket.fi\/en\/kohde\/ekub0673-autoantennijalka-nos\/","title":{"rendered":"EKUB0673 Autoantennijalka NOS"},"content":{"rendered":"<p>\u00a0K\u00e4ytt\u00e4m\u00e4t\u00f6n uros antennijalka. Ajoneuvoantennin jalka.<\/p>","protected":false},"excerpt":{"rendered":"<p>Kirjetoimitustuotteita kannattaa tilata kerralla useampiakin, yksi lis\u00e4tuote lis\u00e4\u00e4 postikulua vain 10 sentill\u00e4 (tilanne 4\/2024, voi muuttua)<\/p>","protected":false},"featured_media":46131,"template":"","meta":[],"_links":{"self":[{"href":"https:\/\/www.radiomarket.fi\/en\/wp-json\/wp\/v2\/product\/46130"}],"collection":[{"href":"https:\/\/www.radiomarket.fi\/en\/wp-json\/wp\/v2\/product"}],"about":[{"href":"https:\/\/www.radiomarket.fi\/en\/wp-json\/wp\/v2\/types\/product"}],"wp:featuredmedia":[{"embeddable":true,"href":"https:\/\/www.radiomarket.fi\/en\/wp-json\/wp\/v2\/media\/46131"}],"wp:attachment":[{"href":"https:\/\/www.radiomarket.fi\/en\/wp-json\/wp\/v2\/media?parent=46130"}],"curies":[{"name":"wp","href":"https:\/\/api.w.org\/{rel}","templated":true}]}}