{"id":46134,"date":"2024-04-12T23:15:45","date_gmt":"2024-04-12T20:15:45","guid":{"rendered":"https:\/\/www.radiomarket.fi\/?post_type=product&#038;p=46134"},"modified":"2026-04-14T15:21:39","modified_gmt":"2026-04-14T12:21:39","slug":"ekub0674-ya1860-sahkotysavain","status":"publish","type":"product","link":"https:\/\/www.radiomarket.fi\/en\/kohde\/ekub0674-ya1860-sahkotysavain\/","title":{"rendered":"EKUB0674 YA1860 s\u00e4hk\u00f6tysavain"},"content":{"rendered":"<p>Brittiarmeijan pienoisavain toisen maailmansodan ajalta. K\u00e4ytetty mm. kentt\u00e4lenn\u00e4ttimiss\u00e4. CW-key.<\/p>","protected":false},"excerpt":{"rendered":"<p>Brittiarmeijan pienoisavain toisen maailmansodan ajalta. K\u00e4ytetty mm. kentt\u00e4lenn\u00e4ttimiss\u00e4. CW-key.<\/p>","protected":false},"featured_media":46136,"template":"","meta":[],"_links":{"self":[{"href":"https:\/\/www.radiomarket.fi\/en\/wp-json\/wp\/v2\/product\/46134"}],"collection":[{"href":"https:\/\/www.radiomarket.fi\/en\/wp-json\/wp\/v2\/product"}],"about":[{"href":"https:\/\/www.radiomarket.fi\/en\/wp-json\/wp\/v2\/types\/product"}],"wp:featuredmedia":[{"embeddable":true,"href":"https:\/\/www.radiomarket.fi\/en\/wp-json\/wp\/v2\/media\/46136"}],"wp:attachment":[{"href":"https:\/\/www.radiomarket.fi\/en\/wp-json\/wp\/v2\/media?parent=46134"}],"curies":[{"name":"wp","href":"https:\/\/api.w.org\/{rel}","templated":true}]}}