{"id":46155,"date":"2024-04-14T16:25:51","date_gmt":"2024-04-14T13:25:51","guid":{"rendered":"https:\/\/www.radiomarket.fi\/?post_type=product&#038;p=46155"},"modified":"2024-04-16T21:58:57","modified_gmt":"2024-04-16T18:58:57","slug":"ekub0679-auto-stereo-autokaiutin-1970-80-luku","status":"publish","type":"product","link":"https:\/\/www.radiomarket.fi\/en\/kohde\/ekub0679-auto-stereo-autokaiutin-1970-80-luku\/","title":{"rendered":"EKUB0679 Auto Stereo autokaiutin 1970-80-luku"},"content":{"rendered":"<p>Tarvikeautokaiutin koteloineen. Ei paria. Pohjassa n\u00e4kym\u00e4tt\u00f6miin j\u00e4\u00e4v\u00e4 murtuma. Nom 5W max 8W. Jatkuva teho 5 wattia maksimiteho 8 wattia 4 ohmia.<\/p>","protected":false},"excerpt":{"rendered":"<p>Tarvikeautokaiutin koteloineen. Ei paria. Pohjassa n\u00e4kym\u00e4tt\u00f6miin j\u00e4\u00e4v\u00e4 murtuma. Nom 5W max 8W. Jatkuva teho 5 wattia maksimiteho 8 wattia 4 ohmia.<\/p>","protected":false},"featured_media":46220,"template":"","meta":[],"_links":{"self":[{"href":"https:\/\/www.radiomarket.fi\/en\/wp-json\/wp\/v2\/product\/46155"}],"collection":[{"href":"https:\/\/www.radiomarket.fi\/en\/wp-json\/wp\/v2\/product"}],"about":[{"href":"https:\/\/www.radiomarket.fi\/en\/wp-json\/wp\/v2\/types\/product"}],"wp:featuredmedia":[{"embeddable":true,"href":"https:\/\/www.radiomarket.fi\/en\/wp-json\/wp\/v2\/media\/46220"}],"wp:attachment":[{"href":"https:\/\/www.radiomarket.fi\/en\/wp-json\/wp\/v2\/media?parent=46155"}],"curies":[{"name":"wp","href":"https:\/\/api.w.org\/{rel}","templated":true}]}}