{"id":46161,"date":"2024-04-15T16:02:28","date_gmt":"2024-04-15T13:02:28","guid":{"rendered":"https:\/\/www.radiomarket.fi\/?post_type=product&#038;p=46161"},"modified":"2024-04-16T21:31:11","modified_gmt":"2024-04-16T18:31:11","slug":"ekub0680-nva-kenttapuhelin-nos","status":"publish","type":"product","link":"https:\/\/www.radiomarket.fi\/en\/kohde\/ekub0680-nva-kenttapuhelin-nos\/","title":{"rendered":"EKUB0680 NVA kentt\u00e4puhelin DDR NOS"},"content":{"rendered":"<p>It\u00e4-Saksan kansanarmeijan kentt\u00e4puhelin. K\u00e4ytt\u00e4m\u00e4t\u00f6n.<\/p>","protected":false},"excerpt":{"rendered":"<p>It\u00e4-Saksan kansanarmeijan kentt\u00e4puhelin. K\u00e4ytt\u00e4m\u00e4t\u00f6n.<\/p>","protected":false},"featured_media":46211,"template":"","meta":[],"_links":{"self":[{"href":"https:\/\/www.radiomarket.fi\/en\/wp-json\/wp\/v2\/product\/46161"}],"collection":[{"href":"https:\/\/www.radiomarket.fi\/en\/wp-json\/wp\/v2\/product"}],"about":[{"href":"https:\/\/www.radiomarket.fi\/en\/wp-json\/wp\/v2\/types\/product"}],"wp:featuredmedia":[{"embeddable":true,"href":"https:\/\/www.radiomarket.fi\/en\/wp-json\/wp\/v2\/media\/46211"}],"wp:attachment":[{"href":"https:\/\/www.radiomarket.fi\/en\/wp-json\/wp\/v2\/media?parent=46161"}],"curies":[{"name":"wp","href":"https:\/\/api.w.org\/{rel}","templated":true}]}}