{"id":46163,"date":"2024-04-15T17:03:23","date_gmt":"2024-04-15T14:03:23","guid":{"rendered":"https:\/\/www.radiomarket.fi\/?post_type=product&#038;p=46163"},"modified":"2024-05-03T17:42:37","modified_gmt":"2024-05-03T14:42:37","slug":"ekum0701-cccp-panssarivaunuradion-rele-1941-tulossa","status":"publish","type":"product","link":"https:\/\/www.radiomarket.fi\/en\/kohde\/ekum0701-cccp-panssarivaunuradion-rele-1941-tulossa\/","title":{"rendered":"EKUM0701 CCCP panssarivaunuradion(?) rele 1941"},"content":{"rendered":"<p>Neuvostoliittolainen komponentti<\/p>","protected":false},"excerpt":{"rendered":"<p>Kirjetoimitustuotteita kannattaa tilata kerralla useampiakin, yksi lis\u00e4tuote lis\u00e4\u00e4 postikulua vain 10 sentill\u00e4 (tilanne 4\/2024, voi muuttua)<\/p>","protected":false},"featured_media":46171,"template":"","meta":[],"_links":{"self":[{"href":"https:\/\/www.radiomarket.fi\/en\/wp-json\/wp\/v2\/product\/46163"}],"collection":[{"href":"https:\/\/www.radiomarket.fi\/en\/wp-json\/wp\/v2\/product"}],"about":[{"href":"https:\/\/www.radiomarket.fi\/en\/wp-json\/wp\/v2\/types\/product"}],"wp:featuredmedia":[{"embeddable":true,"href":"https:\/\/www.radiomarket.fi\/en\/wp-json\/wp\/v2\/media\/46171"}],"wp:attachment":[{"href":"https:\/\/www.radiomarket.fi\/en\/wp-json\/wp\/v2\/media?parent=46163"}],"curies":[{"name":"wp","href":"https:\/\/api.w.org\/{rel}","templated":true}]}}