{"id":46225,"date":"2024-04-17T13:40:06","date_gmt":"2024-04-17T10:40:06","guid":{"rendered":"https:\/\/www.radiomarket.fi\/?post_type=product&#038;p=46225"},"modified":"2024-04-17T14:32:22","modified_gmt":"2024-04-17T11:32:22","slug":"ekus0092-luxor-attache-3302-w","status":"publish","type":"product","link":"https:\/\/www.radiomarket.fi\/en\/kohde\/ekus0092-luxor-attache-3302-w\/","title":{"rendered":"EKUS0092 Luxor Attache 3302 W"},"content":{"rendered":"<p>Vaalea puukotelo, kaiuttimen edess\u00e4 vaalea kirjailtu kangas, asteikko lasia, nupit mustaa muovia ja painikkeet vaaleaa muovia. Kaiutin edess\u00e4, asteikko sen alla. Asteikon molemmin puolin kierrett\u00e4v\u00e4t kaksoisnupit, alhaalla kuusi vaaleaa painiketta. Kankaan oikeassa yl\u00e4kulmassa pystymallinen virityssilm\u00e4 EM80. Asteikon pohjav\u00e4ri musta. Vaaka-asteikko. ULA 86-101, LA 6-16 MHz, KA 600-1600 kHz, PA 700-1900 m.<br \/><br \/><\/p><p>Listassa edess\u00e4 v\u00e4\u00e4ntym\u00e4. Verkkomuuntaja on joskus saatettu vaihtaa, poikkeaa hieman museoesineen vastaavasta. Koneisto siisti. Takalevyss\u00e4 v\u00e4h\u00e4ist\u00e4 vesij\u00e4lke\u00e4. Esineeseen on maalattu aiempi luettelointinumero SRHS0015. Puuosien kuluma n\u00e4kyy kuvista. Puuosassa jokin valkoinen t\u00e4pl\u00e4, mahdollisesti maalia. P\u00e4\u00e4temuuntajassa merkint\u00e4 T-U102X.<br \/><br \/>T\u00e4st\u00e4 voidaan luopua, koska museokokoelmassa on siistimpi ja autenttisempi museoesine luettelointinumerolla RAPM2136.\u00a0<\/p>","protected":false},"excerpt":{"rendered":"<p>Suosittelemme putkiradioille s\u00e4rkyv\u00e4-lis\u00e4palvelua (ostettavissa erillisen\u00e4 tuotteena).<\/p>","protected":false},"featured_media":46229,"template":"","meta":[],"_links":{"self":[{"href":"https:\/\/www.radiomarket.fi\/en\/wp-json\/wp\/v2\/product\/46225"}],"collection":[{"href":"https:\/\/www.radiomarket.fi\/en\/wp-json\/wp\/v2\/product"}],"about":[{"href":"https:\/\/www.radiomarket.fi\/en\/wp-json\/wp\/v2\/types\/product"}],"wp:featuredmedia":[{"embeddable":true,"href":"https:\/\/www.radiomarket.fi\/en\/wp-json\/wp\/v2\/media\/46229"}],"wp:attachment":[{"href":"https:\/\/www.radiomarket.fi\/en\/wp-json\/wp\/v2\/media?parent=46225"}],"curies":[{"name":"wp","href":"https:\/\/api.w.org\/{rel}","templated":true}]}}