{"id":46244,"date":"2024-04-17T14:35:46","date_gmt":"2024-04-17T11:35:46","guid":{"rendered":"https:\/\/www.radiomarket.fi\/?post_type=product&#038;p=46244"},"modified":"2024-04-18T16:52:46","modified_gmt":"2024-04-18T13:52:46","slug":"ekus0093-blaupunkt-virginia","status":"publish","type":"product","link":"https:\/\/www.radiomarket.fi\/en\/kohde\/ekus0093-blaupunkt-virginia\/","title":{"rendered":"EKUS0093 Blaupunkt Virginia 2530"},"content":{"rendered":"<p>Ruskea puukotelo, kaiuttimen edess\u00e4 vaalea kangas, asteikko lasia, nappulat bakeliittia. Kaiutin keskell\u00e4 edess\u00e4, asteikko sen alla. Asteikon molemmin puolin vaaleat\/kultaiset kierrett\u00e4v\u00e4t kaksoisnappulat, asteikon alla yksitoista painettavaa nappulaa ja kaksi kierrett\u00e4v\u00e4\u00e4. Kullanv\u00e4rinen koristelista kiert\u00e4\u00e4 kaiuttimen ja asteikon ymp\u00e4rill\u00e4. Mustat ritil\u00e4t molemmilla sivuilla. Asteikon pohjav\u00e4ri musta. Pystyasteikko. UKW 88,5-100, KW 18-50 m, MW 600-1600 kHz, LW 150-350 kHz.<\/p><p>&nbsp;<\/p><p>Listassa kolhuja. Esineeseen on maalattu aiempi luettelointinumero SRHS0049. Puuosien kuluma n\u00e4kyy kuvista.\u00a0<\/p><p><br \/>T\u00e4st\u00e4 voidaan luopua, koska museokokoelmassa on siistimpi esine luettelointinumerolla SRHS0048.\u00a0<\/p>","protected":false},"excerpt":{"rendered":"<p>Suosittelemme putkiradioille s\u00e4rkyv\u00e4-lis\u00e4palvelua (ostettavissa erillisen\u00e4 tuotteena).<\/p>","protected":false},"featured_media":46251,"template":"","meta":[],"_links":{"self":[{"href":"https:\/\/www.radiomarket.fi\/en\/wp-json\/wp\/v2\/product\/46244"}],"collection":[{"href":"https:\/\/www.radiomarket.fi\/en\/wp-json\/wp\/v2\/product"}],"about":[{"href":"https:\/\/www.radiomarket.fi\/en\/wp-json\/wp\/v2\/types\/product"}],"wp:featuredmedia":[{"embeddable":true,"href":"https:\/\/www.radiomarket.fi\/en\/wp-json\/wp\/v2\/media\/46251"}],"wp:attachment":[{"href":"https:\/\/www.radiomarket.fi\/en\/wp-json\/wp\/v2\/media?parent=46244"}],"curies":[{"name":"wp","href":"https:\/\/api.w.org\/{rel}","templated":true}]}}