{"id":46256,"date":"2024-04-18T11:22:48","date_gmt":"2024-04-18T08:22:48","guid":{"rendered":"https:\/\/www.radiomarket.fi\/?post_type=product&#038;p=46256"},"modified":"2024-04-21T13:02:31","modified_gmt":"2024-04-21T10:02:31","slug":"ekum0705-valmet-y8-kulutusmittari-uusi","status":"publish","type":"product","link":"https:\/\/www.radiomarket.fi\/en\/kohde\/ekum0705-valmet-y8-kulutusmittari-uusi\/","title":{"rendered":"EKUB0682 Valmet Y47 yksivaihekulutusmittari"},"content":{"rendered":"Keski-Suomen Valon tarkistama ja myym\u00e4 k\u00e4ytetty s\u00e4hk\u00f6mittari. Vaitovirtakilowattituntimittari. Liit\u00e4nt\u00f6jen suojalevy puuttuu.","protected":false},"excerpt":{"rendered":"<p>Keski-Suomen Valon tarkistama ja myym\u00e4 k\u00e4ytetty s\u00e4hk\u00f6mittari. Vaitovirtakilowattituntimittari. Liit\u00e4nt\u00f6jen suojalevy puuttuu.<\/p>","protected":false},"featured_media":46389,"template":"","meta":[],"_links":{"self":[{"href":"https:\/\/www.radiomarket.fi\/en\/wp-json\/wp\/v2\/product\/46256"}],"collection":[{"href":"https:\/\/www.radiomarket.fi\/en\/wp-json\/wp\/v2\/product"}],"about":[{"href":"https:\/\/www.radiomarket.fi\/en\/wp-json\/wp\/v2\/types\/product"}],"wp:featuredmedia":[{"embeddable":true,"href":"https:\/\/www.radiomarket.fi\/en\/wp-json\/wp\/v2\/media\/46389"}],"wp:attachment":[{"href":"https:\/\/www.radiomarket.fi\/en\/wp-json\/wp\/v2\/media?parent=46256"}],"curies":[{"name":"wp","href":"https:\/\/api.w.org\/{rel}","templated":true}]}}