{"id":46257,"date":"2024-04-18T11:28:27","date_gmt":"2024-04-18T08:28:27","guid":{"rendered":"https:\/\/www.radiomarket.fi\/?post_type=product&#038;p=46257"},"modified":"2024-05-10T16:14:25","modified_gmt":"2024-05-10T13:14:25","slug":"ekum0706-landisgyr-ajastin-tulossa","status":"publish","type":"product","link":"https:\/\/www.radiomarket.fi\/en\/kohde\/ekum0706-landisgyr-ajastin-tulossa\/","title":{"rendered":"EKUM0706 Landis&amp;Gyr ajastin NOS"},"content":{"rendered":"<p>Ilmeisesti k\u00e4ytt\u00e4m\u00e4t\u00f6n yksivaiheajastinkello.<\/p>","protected":false},"excerpt":{"rendered":"<p>Ilmeisesti k\u00e4ytt\u00e4m\u00e4t\u00f6n yksivaiheajastinkello.<\/p>","protected":false},"featured_media":46382,"template":"","meta":[],"_links":{"self":[{"href":"https:\/\/www.radiomarket.fi\/en\/wp-json\/wp\/v2\/product\/46257"}],"collection":[{"href":"https:\/\/www.radiomarket.fi\/en\/wp-json\/wp\/v2\/product"}],"about":[{"href":"https:\/\/www.radiomarket.fi\/en\/wp-json\/wp\/v2\/types\/product"}],"wp:featuredmedia":[{"embeddable":true,"href":"https:\/\/www.radiomarket.fi\/en\/wp-json\/wp\/v2\/media\/46382"}],"wp:attachment":[{"href":"https:\/\/www.radiomarket.fi\/en\/wp-json\/wp\/v2\/media?parent=46257"}],"curies":[{"name":"wp","href":"https:\/\/api.w.org\/{rel}","templated":true}]}}